{"id":325,"date":"2020-08-20T14:45:40","date_gmt":"2020-08-20T11:45:40","guid":{"rendered":"https:\/\/sites.uef.fi\/yritystaoppimisymparistoihin\/?page_id=325"},"modified":"2024-02-08T09:12:38","modified_gmt":"2024-02-08T07:12:38","slug":"joensuun-tiedekasvatuspalvelut","status":"publish","type":"page","link":"https:\/\/sites.uef.fi\/yritystaoppimisymparistoihin\/yhteistyossa\/yritykset\/joensuun-tiedekasvatuspalvelut\/","title":{"rendered":"Joensuun tiedekasvatuspalvelut"},"content":{"rendered":"\n<p>Joensuun tiedekasvatuspalvelut on It\u00e4-Suomen yliopistossa kemian, fysiikan aineenopettajaksi ja luokanopettajaksi kev\u00e4\u00e4ll\u00e4 2019 valmistuvan Niko Kyll\u00f6sen toiminimiyritys. Yritys aloitti valtakunnallisen Kide Science tiedekerhojen franchising-ottajana vuoden 2018 tammikuussa tarjoten 3 &#8211; 8 -vuotiaille lapsille suunnattuja luonnontieteit\u00e4 ja matematiikkaa k\u00e4sittelevi\u00e4 tiedekerhoja. Vuoden 2018 lopussa yritys laajensi toimintaansa vanhempien lasten tiedekasvatukseen sek\u00e4 tiedekasvatusmateriaalien tuotantoon. Yritys on konsultoinut muun muassa Kide Sciencen sis\u00e4ll\u00f6ntuotantoa tiedekerhomateriaalien valmistamisessa.<\/p>\n\n\n\n<p>It\u00e4-Suomen yliopiston Joustavat oppimisymp\u00e4rist\u00f6t -hankkeessa yrityksen tavoite on kehitt\u00e4\u00e4 eri yritysten ja koulutusorganisaatioiden kanssa varhaiskasvatukseen ja perusopetukseen soveltuvia digitaalisia oppimisymp\u00e4rist\u00f6tuotteita sek\u00e4 konsultoida opetusalan henkil\u00f6st\u00f6n tieto- ja viestint\u00e4teknologista osaamista. Oppimisymp\u00e4rist\u00f6jen kehitt\u00e4miseen yritys pyrkii vaikuttamaan toimimalla my\u00f6s osana It\u00e4-Suomen yliopiston Studio360 -investointihankkeen ohjausryhm\u00e4ss\u00e4.<\/p>\n\n\n\n<p>Yrityksell\u00e4 on jatkuva halu kehitty\u00e4 ja toimia yhdess\u00e4 eri kasvatuksesta ja koulutuksesta kiinnostuneiden yhteis\u00f6jen ja yritysten kanssa. It\u00e4-Suomen yliopiston ja Kide Sciencen lis\u00e4ksi yritt\u00e4j\u00e4 on k\u00e4ynyt aktiivista keskustelua kasvatuksen ja koulutuksen kehitt\u00e4misest\u00e4 muun muassa Kuopion Snellman kes\u00e4yliopiston, It\u00e4-Suomen yliopiston LUMA-keskuksen, Joensuun Tiedeseuran ja Pilke p\u00e4iv\u00e4kotien kanssa.<\/p>\n\n\n\n<p>Yhteystiedot:<br>Niko Kyll\u00f6nen<br>p. +358 40 963 7261<br>niko.kyllonen90 (\u00e4t) hotmail.com<\/p>\n\n\n\n<figure class=\"wp-block-image\"><img loading=\"lazy\" decoding=\"async\" width=\"229\" height=\"269\" src=\"https:\/\/sites.uef.fi\/yritystaoppimisymparistoihin\/wp-content\/uploads\/sites\/50\/2021\/04\/Niko.jpg\" alt=\"Niko Kyll\u00f6nen\" class=\"wp-image-801\" \/><\/figure>\n","protected":false},"excerpt":{"rendered":"<p>Joensuun tiedekasvatuspalvelut on It\u00e4-Suomen yliopistossa kemian, fysiikan aineenopettajaksi ja luokanopettajaksi kev\u00e4\u00e4ll\u00e4 2019 valmistuvan Niko Kyll\u00f6sen toiminimiyritys. Yritys aloitti valtakunnallisen Kide Science tiedekerhojen franchising-ottajana vuoden 2018 tammikuussa tarjoten 3 &#8211; 8 -vuotiaille lapsille suunnattuja luonnontieteit\u00e4 ja matematiikkaa k\u00e4sittelevi\u00e4 tiedekerhoja. Vuoden 2018 lopussa yritys laajensi toimintaansa vanhempien lasten tiedekasvatukseen sek\u00e4 tiedekasvatusmateriaalien tuotantoon. Yritys on konsultoinut muun muassa [&hellip;]<\/p>\n","protected":false},"author":98,"featured_media":0,"parent":250,"menu_order":2,"comment_status":"closed","ping_status":"closed","template":"","meta":{"_acf_changed":false,"_monsterinsights_skip_tracking":false,"_monsterinsights_sitenote_active":false,"_monsterinsights_sitenote_note":"","_monsterinsights_sitenote_category":0,"footnotes":""},"class_list":["post-325","page","type-page","status-publish","hentry"],"acf":[],"yoast_head":"<!-- This site is optimized with the Yoast SEO plugin v27.3 - https:\/\/yoast.com\/product\/yoast-seo-wordpress\/ -->\n<title>Joensuun tiedekasvatuspalvelut - Yrityst\u00e4 oppimisymp\u00e4rist\u00f6ihin<\/title>\n<meta name=\"robots\" content=\"index, follow, max-snippet:-1, max-image-preview:large, max-video-preview:-1\" \/>\n<link rel=\"canonical\" href=\"https:\/\/sites.uef.fi\/yritystaoppimisymparistoihin\/yhteistyossa\/yritykset\/joensuun-tiedekasvatuspalvelut\/\" \/>\n<meta property=\"og:locale\" content=\"en_US\" \/>\n<meta property=\"og:type\" content=\"article\" \/>\n<meta property=\"og:title\" content=\"Joensuun tiedekasvatuspalvelut - Yrityst\u00e4 oppimisymp\u00e4rist\u00f6ihin\" \/>\n<meta property=\"og:description\" content=\"Joensuun tiedekasvatuspalvelut on It\u00e4-Suomen yliopistossa kemian, fysiikan aineenopettajaksi ja luokanopettajaksi kev\u00e4\u00e4ll\u00e4 2019 valmistuvan Niko Kyll\u00f6sen toiminimiyritys. Yritys aloitti valtakunnallisen Kide Science tiedekerhojen franchising-ottajana vuoden 2018 tammikuussa tarjoten 3 &#8211; 8 -vuotiaille lapsille suunnattuja luonnontieteit\u00e4 ja matematiikkaa k\u00e4sittelevi\u00e4 tiedekerhoja. Vuoden 2018 lopussa yritys laajensi toimintaansa vanhempien lasten tiedekasvatukseen sek\u00e4 tiedekasvatusmateriaalien tuotantoon. Yritys on konsultoinut muun muassa [&hellip;]\" \/>\n<meta property=\"og:url\" content=\"https:\/\/sites.uef.fi\/yritystaoppimisymparistoihin\/yhteistyossa\/yritykset\/joensuun-tiedekasvatuspalvelut\/\" \/>\n<meta property=\"og:site_name\" content=\"Yrityst\u00e4 oppimisymp\u00e4rist\u00f6ihin\" \/>\n<meta property=\"article:modified_time\" content=\"2024-02-08T07:12:38+00:00\" \/>\n<meta property=\"og:image\" content=\"https:\/\/sites.uef.fi\/yritystaoppimisymparistoihin\/wp-content\/uploads\/sites\/50\/2021\/04\/Niko.jpg\" \/>\n<meta name=\"twitter:card\" content=\"summary_large_image\" \/>\n<meta name=\"twitter:label1\" content=\"Est. reading time\" \/>\n\t<meta name=\"twitter:data1\" content=\"1 minute\" \/>\n<script type=\"application\/ld+json\" class=\"yoast-schema-graph\">{\"@context\":\"https:\\\/\\\/schema.org\",\"@graph\":[{\"@type\":\"WebPage\",\"@id\":\"https:\\\/\\\/sites.uef.fi\\\/yritystaoppimisymparistoihin\\\/yhteistyossa\\\/yritykset\\\/joensuun-tiedekasvatuspalvelut\\\/\",\"url\":\"https:\\\/\\\/sites.uef.fi\\\/yritystaoppimisymparistoihin\\\/yhteistyossa\\\/yritykset\\\/joensuun-tiedekasvatuspalvelut\\\/\",\"name\":\"Joensuun tiedekasvatuspalvelut - Yrityst\u00e4 oppimisymp\u00e4rist\u00f6ihin\",\"isPartOf\":{\"@id\":\"https:\\\/\\\/sites.uef.fi\\\/yritystaoppimisymparistoihin\\\/#website\"},\"primaryImageOfPage\":{\"@id\":\"https:\\\/\\\/sites.uef.fi\\\/yritystaoppimisymparistoihin\\\/yhteistyossa\\\/yritykset\\\/joensuun-tiedekasvatuspalvelut\\\/#primaryimage\"},\"image\":{\"@id\":\"https:\\\/\\\/sites.uef.fi\\\/yritystaoppimisymparistoihin\\\/yhteistyossa\\\/yritykset\\\/joensuun-tiedekasvatuspalvelut\\\/#primaryimage\"},\"thumbnailUrl\":\"https:\\\/\\\/sites.uef.fi\\\/yritystaoppimisymparistoihin\\\/wp-content\\\/uploads\\\/sites\\\/50\\\/2021\\\/04\\\/Niko.jpg\",\"datePublished\":\"2020-08-20T11:45:40+00:00\",\"dateModified\":\"2024-02-08T07:12:38+00:00\",\"breadcrumb\":{\"@id\":\"https:\\\/\\\/sites.uef.fi\\\/yritystaoppimisymparistoihin\\\/yhteistyossa\\\/yritykset\\\/joensuun-tiedekasvatuspalvelut\\\/#breadcrumb\"},\"inLanguage\":\"en-US\",\"potentialAction\":[{\"@type\":\"ReadAction\",\"target\":[\"https:\\\/\\\/sites.uef.fi\\\/yritystaoppimisymparistoihin\\\/yhteistyossa\\\/yritykset\\\/joensuun-tiedekasvatuspalvelut\\\/\"]}]},{\"@type\":\"ImageObject\",\"inLanguage\":\"en-US\",\"@id\":\"https:\\\/\\\/sites.uef.fi\\\/yritystaoppimisymparistoihin\\\/yhteistyossa\\\/yritykset\\\/joensuun-tiedekasvatuspalvelut\\\/#primaryimage\",\"url\":\"https:\\\/\\\/sites.uef.fi\\\/yritystaoppimisymparistoihin\\\/wp-content\\\/uploads\\\/sites\\\/50\\\/2021\\\/04\\\/Niko.jpg\",\"contentUrl\":\"https:\\\/\\\/sites.uef.fi\\\/yritystaoppimisymparistoihin\\\/wp-content\\\/uploads\\\/sites\\\/50\\\/2021\\\/04\\\/Niko.jpg\",\"width\":229,\"height\":269,\"caption\":\"Niko Kyll\u00f6nen\"},{\"@type\":\"BreadcrumbList\",\"@id\":\"https:\\\/\\\/sites.uef.fi\\\/yritystaoppimisymparistoihin\\\/yhteistyossa\\\/yritykset\\\/joensuun-tiedekasvatuspalvelut\\\/#breadcrumb\",\"itemListElement\":[{\"@type\":\"ListItem\",\"position\":1,\"name\":\"Home\",\"item\":\"https:\\\/\\\/sites.uef.fi\\\/yritystaoppimisymparistoihin\\\/\"},{\"@type\":\"ListItem\",\"position\":2,\"name\":\"Yhteisty\u00f6ss\u00e4\",\"item\":\"https:\\\/\\\/sites.uef.fi\\\/yritystaoppimisymparistoihin\\\/yhteistyossa\\\/\"},{\"@type\":\"ListItem\",\"position\":3,\"name\":\"Yritykset\",\"item\":\"https:\\\/\\\/sites.uef.fi\\\/yritystaoppimisymparistoihin\\\/yhteistyossa\\\/yritykset\\\/\"},{\"@type\":\"ListItem\",\"position\":4,\"name\":\"Joensuun tiedekasvatuspalvelut\"}]},{\"@type\":\"WebSite\",\"@id\":\"https:\\\/\\\/sites.uef.fi\\\/yritystaoppimisymparistoihin\\\/#website\",\"url\":\"https:\\\/\\\/sites.uef.fi\\\/yritystaoppimisymparistoihin\\\/\",\"name\":\"Yrityst\u00e4 oppimisymp\u00e4rist\u00f6ihin\",\"description\":\"\",\"potentialAction\":[{\"@type\":\"SearchAction\",\"target\":{\"@type\":\"EntryPoint\",\"urlTemplate\":\"https:\\\/\\\/sites.uef.fi\\\/yritystaoppimisymparistoihin\\\/?s={search_term_string}\"},\"query-input\":{\"@type\":\"PropertyValueSpecification\",\"valueRequired\":true,\"valueName\":\"search_term_string\"}}],\"inLanguage\":\"en-US\"}]}<\/script>\n<!-- \/ Yoast SEO plugin. -->","yoast_head_json":{"title":"Joensuun tiedekasvatuspalvelut - Yrityst\u00e4 oppimisymp\u00e4rist\u00f6ihin","robots":{"index":"index","follow":"follow","max-snippet":"max-snippet:-1","max-image-preview":"max-image-preview:large","max-video-preview":"max-video-preview:-1"},"canonical":"https:\/\/sites.uef.fi\/yritystaoppimisymparistoihin\/yhteistyossa\/yritykset\/joensuun-tiedekasvatuspalvelut\/","og_locale":"en_US","og_type":"article","og_title":"Joensuun tiedekasvatuspalvelut - Yrityst\u00e4 oppimisymp\u00e4rist\u00f6ihin","og_description":"Joensuun tiedekasvatuspalvelut on It\u00e4-Suomen yliopistossa kemian, fysiikan aineenopettajaksi ja luokanopettajaksi kev\u00e4\u00e4ll\u00e4 2019 valmistuvan Niko Kyll\u00f6sen toiminimiyritys. Yritys aloitti valtakunnallisen Kide Science tiedekerhojen franchising-ottajana vuoden 2018 tammikuussa tarjoten 3 &#8211; 8 -vuotiaille lapsille suunnattuja luonnontieteit\u00e4 ja matematiikkaa k\u00e4sittelevi\u00e4 tiedekerhoja. Vuoden 2018 lopussa yritys laajensi toimintaansa vanhempien lasten tiedekasvatukseen sek\u00e4 tiedekasvatusmateriaalien tuotantoon. Yritys on konsultoinut muun muassa [&hellip;]","og_url":"https:\/\/sites.uef.fi\/yritystaoppimisymparistoihin\/yhteistyossa\/yritykset\/joensuun-tiedekasvatuspalvelut\/","og_site_name":"Yrityst\u00e4 oppimisymp\u00e4rist\u00f6ihin","article_modified_time":"2024-02-08T07:12:38+00:00","og_image":[{"url":"https:\/\/sites.uef.fi\/yritystaoppimisymparistoihin\/wp-content\/uploads\/sites\/50\/2021\/04\/Niko.jpg","type":"","width":"","height":""}],"twitter_card":"summary_large_image","twitter_misc":{"Est. reading time":"1 minute"},"schema":{"@context":"https:\/\/schema.org","@graph":[{"@type":"WebPage","@id":"https:\/\/sites.uef.fi\/yritystaoppimisymparistoihin\/yhteistyossa\/yritykset\/joensuun-tiedekasvatuspalvelut\/","url":"https:\/\/sites.uef.fi\/yritystaoppimisymparistoihin\/yhteistyossa\/yritykset\/joensuun-tiedekasvatuspalvelut\/","name":"Joensuun tiedekasvatuspalvelut - Yrityst\u00e4 oppimisymp\u00e4rist\u00f6ihin","isPartOf":{"@id":"https:\/\/sites.uef.fi\/yritystaoppimisymparistoihin\/#website"},"primaryImageOfPage":{"@id":"https:\/\/sites.uef.fi\/yritystaoppimisymparistoihin\/yhteistyossa\/yritykset\/joensuun-tiedekasvatuspalvelut\/#primaryimage"},"image":{"@id":"https:\/\/sites.uef.fi\/yritystaoppimisymparistoihin\/yhteistyossa\/yritykset\/joensuun-tiedekasvatuspalvelut\/#primaryimage"},"thumbnailUrl":"https:\/\/sites.uef.fi\/yritystaoppimisymparistoihin\/wp-content\/uploads\/sites\/50\/2021\/04\/Niko.jpg","datePublished":"2020-08-20T11:45:40+00:00","dateModified":"2024-02-08T07:12:38+00:00","breadcrumb":{"@id":"https:\/\/sites.uef.fi\/yritystaoppimisymparistoihin\/yhteistyossa\/yritykset\/joensuun-tiedekasvatuspalvelut\/#breadcrumb"},"inLanguage":"en-US","potentialAction":[{"@type":"ReadAction","target":["https:\/\/sites.uef.fi\/yritystaoppimisymparistoihin\/yhteistyossa\/yritykset\/joensuun-tiedekasvatuspalvelut\/"]}]},{"@type":"ImageObject","inLanguage":"en-US","@id":"https:\/\/sites.uef.fi\/yritystaoppimisymparistoihin\/yhteistyossa\/yritykset\/joensuun-tiedekasvatuspalvelut\/#primaryimage","url":"https:\/\/sites.uef.fi\/yritystaoppimisymparistoihin\/wp-content\/uploads\/sites\/50\/2021\/04\/Niko.jpg","contentUrl":"https:\/\/sites.uef.fi\/yritystaoppimisymparistoihin\/wp-content\/uploads\/sites\/50\/2021\/04\/Niko.jpg","width":229,"height":269,"caption":"Niko Kyll\u00f6nen"},{"@type":"BreadcrumbList","@id":"https:\/\/sites.uef.fi\/yritystaoppimisymparistoihin\/yhteistyossa\/yritykset\/joensuun-tiedekasvatuspalvelut\/#breadcrumb","itemListElement":[{"@type":"ListItem","position":1,"name":"Home","item":"https:\/\/sites.uef.fi\/yritystaoppimisymparistoihin\/"},{"@type":"ListItem","position":2,"name":"Yhteisty\u00f6ss\u00e4","item":"https:\/\/sites.uef.fi\/yritystaoppimisymparistoihin\/yhteistyossa\/"},{"@type":"ListItem","position":3,"name":"Yritykset","item":"https:\/\/sites.uef.fi\/yritystaoppimisymparistoihin\/yhteistyossa\/yritykset\/"},{"@type":"ListItem","position":4,"name":"Joensuun tiedekasvatuspalvelut"}]},{"@type":"WebSite","@id":"https:\/\/sites.uef.fi\/yritystaoppimisymparistoihin\/#website","url":"https:\/\/sites.uef.fi\/yritystaoppimisymparistoihin\/","name":"Yrityst\u00e4 oppimisymp\u00e4rist\u00f6ihin","description":"","potentialAction":[{"@type":"SearchAction","target":{"@type":"EntryPoint","urlTemplate":"https:\/\/sites.uef.fi\/yritystaoppimisymparistoihin\/?s={search_term_string}"},"query-input":{"@type":"PropertyValueSpecification","valueRequired":true,"valueName":"search_term_string"}}],"inLanguage":"en-US"}]}},"_links":{"self":[{"href":"https:\/\/sites.uef.fi\/yritystaoppimisymparistoihin\/wp-json\/wp\/v2\/pages\/325","targetHints":{"allow":["GET"]}}],"collection":[{"href":"https:\/\/sites.uef.fi\/yritystaoppimisymparistoihin\/wp-json\/wp\/v2\/pages"}],"about":[{"href":"https:\/\/sites.uef.fi\/yritystaoppimisymparistoihin\/wp-json\/wp\/v2\/types\/page"}],"author":[{"embeddable":true,"href":"https:\/\/sites.uef.fi\/yritystaoppimisymparistoihin\/wp-json\/wp\/v2\/users\/98"}],"replies":[{"embeddable":true,"href":"https:\/\/sites.uef.fi\/yritystaoppimisymparistoihin\/wp-json\/wp\/v2\/comments?post=325"}],"version-history":[{"count":2,"href":"https:\/\/sites.uef.fi\/yritystaoppimisymparistoihin\/wp-json\/wp\/v2\/pages\/325\/revisions"}],"predecessor-version":[{"id":1186,"href":"https:\/\/sites.uef.fi\/yritystaoppimisymparistoihin\/wp-json\/wp\/v2\/pages\/325\/revisions\/1186"}],"up":[{"embeddable":true,"href":"https:\/\/sites.uef.fi\/yritystaoppimisymparistoihin\/wp-json\/wp\/v2\/pages\/250"}],"wp:attachment":[{"href":"https:\/\/sites.uef.fi\/yritystaoppimisymparistoihin\/wp-json\/wp\/v2\/media?parent=325"}],"curies":[{"name":"wp","href":"https:\/\/api.w.org\/{rel}","templated":true}]}}