{"id":343,"date":"2020-08-20T14:46:51","date_gmt":"2020-08-20T11:46:51","guid":{"rendered":"https:\/\/sites.uef.fi\/yritystaoppimisymparistoihin\/?page_id=343"},"modified":"2024-02-08T09:14:27","modified_gmt":"2024-02-08T07:14:27","slug":"sf-sound-oy","status":"publish","type":"page","link":"https:\/\/sites.uef.fi\/yritystaoppimisymparistoihin\/yhteistyossa\/yritykset\/sf-sound-oy\/","title":{"rendered":"SF-Sound Oy"},"content":{"rendered":"\n<p>Monipuolinen musiikki- ja \u00e4\u00e4nipalveluyritys.<\/p>\n\n\n\n<p><em>&#8220;\u00c4\u00e4nistudion, musiikki- ja elokuva\u00e4\u00e4nen lis\u00e4ksi tarjoamme my\u00f6s muita \u00e4\u00e4neen liittyvi\u00e4 palveluita:<br>&#8211; Musiikkikauppa<br>&#8211; Akustiikkamittaukset ja -konsultointi<br>&#8211; \u00c4\u00e4ni- ja musiikkiteknologiakoulutus<br>&#8211; Tuotantopalvelut&#8221;<\/em><\/p>\n\n\n\n<p>Yhteystiedot:<br><a href=\"http:\/\/sfsound.fi\/\">Kotisivut<\/a><\/p>\n","protected":false},"excerpt":{"rendered":"<p>Monipuolinen musiikki- ja \u00e4\u00e4nipalveluyritys. &#8220;\u00c4\u00e4nistudion, musiikki- ja elokuva\u00e4\u00e4nen lis\u00e4ksi tarjoamme my\u00f6s muita \u00e4\u00e4neen liittyvi\u00e4 palveluita:&#8211; Musiikkikauppa&#8211; Akustiikkamittaukset ja -konsultointi&#8211; \u00c4\u00e4ni- ja musiikkiteknologiakoulutus&#8211; Tuotantopalvelut&#8221; Yhteystiedot:Kotisivut<\/p>\n","protected":false},"author":98,"featured_media":0,"parent":250,"menu_order":5,"comment_status":"closed","ping_status":"closed","template":"","meta":{"_acf_changed":false,"_monsterinsights_skip_tracking":false,"_monsterinsights_sitenote_active":false,"_monsterinsights_sitenote_note":"","_monsterinsights_sitenote_category":0,"footnotes":""},"class_list":["post-343","page","type-page","status-publish","hentry"],"acf":[],"yoast_head":"<!-- This site is optimized with the Yoast SEO plugin v27.3 - https:\/\/yoast.com\/product\/yoast-seo-wordpress\/ -->\n<title>SF-Sound Oy - Yrityst\u00e4 oppimisymp\u00e4rist\u00f6ihin<\/title>\n<meta name=\"robots\" content=\"index, follow, max-snippet:-1, max-image-preview:large, max-video-preview:-1\" \/>\n<link rel=\"canonical\" href=\"https:\/\/sites.uef.fi\/yritystaoppimisymparistoihin\/yhteistyossa\/yritykset\/sf-sound-oy\/\" \/>\n<meta property=\"og:locale\" content=\"en_US\" \/>\n<meta property=\"og:type\" content=\"article\" \/>\n<meta property=\"og:title\" content=\"SF-Sound Oy - Yrityst\u00e4 oppimisymp\u00e4rist\u00f6ihin\" \/>\n<meta property=\"og:description\" content=\"Monipuolinen musiikki- ja \u00e4\u00e4nipalveluyritys. &#8220;\u00c4\u00e4nistudion, musiikki- ja elokuva\u00e4\u00e4nen lis\u00e4ksi tarjoamme my\u00f6s muita \u00e4\u00e4neen liittyvi\u00e4 palveluita:&#8211; Musiikkikauppa&#8211; Akustiikkamittaukset ja -konsultointi&#8211; \u00c4\u00e4ni- ja musiikkiteknologiakoulutus&#8211; Tuotantopalvelut&#8221; Yhteystiedot:Kotisivut\" \/>\n<meta property=\"og:url\" content=\"https:\/\/sites.uef.fi\/yritystaoppimisymparistoihin\/yhteistyossa\/yritykset\/sf-sound-oy\/\" \/>\n<meta property=\"og:site_name\" content=\"Yrityst\u00e4 oppimisymp\u00e4rist\u00f6ihin\" \/>\n<meta property=\"article:modified_time\" content=\"2024-02-08T07:14:27+00:00\" \/>\n<meta name=\"twitter:card\" content=\"summary_large_image\" \/>\n<meta name=\"twitter:label1\" content=\"Est. reading time\" \/>\n\t<meta name=\"twitter:data1\" content=\"1 minute\" \/>\n<script type=\"application\/ld+json\" class=\"yoast-schema-graph\">{\"@context\":\"https:\\\/\\\/schema.org\",\"@graph\":[{\"@type\":\"WebPage\",\"@id\":\"https:\\\/\\\/sites.uef.fi\\\/yritystaoppimisymparistoihin\\\/yhteistyossa\\\/yritykset\\\/sf-sound-oy\\\/\",\"url\":\"https:\\\/\\\/sites.uef.fi\\\/yritystaoppimisymparistoihin\\\/yhteistyossa\\\/yritykset\\\/sf-sound-oy\\\/\",\"name\":\"SF-Sound Oy - Yrityst\u00e4 oppimisymp\u00e4rist\u00f6ihin\",\"isPartOf\":{\"@id\":\"https:\\\/\\\/sites.uef.fi\\\/yritystaoppimisymparistoihin\\\/#website\"},\"datePublished\":\"2020-08-20T11:46:51+00:00\",\"dateModified\":\"2024-02-08T07:14:27+00:00\",\"breadcrumb\":{\"@id\":\"https:\\\/\\\/sites.uef.fi\\\/yritystaoppimisymparistoihin\\\/yhteistyossa\\\/yritykset\\\/sf-sound-oy\\\/#breadcrumb\"},\"inLanguage\":\"en-US\",\"potentialAction\":[{\"@type\":\"ReadAction\",\"target\":[\"https:\\\/\\\/sites.uef.fi\\\/yritystaoppimisymparistoihin\\\/yhteistyossa\\\/yritykset\\\/sf-sound-oy\\\/\"]}]},{\"@type\":\"BreadcrumbList\",\"@id\":\"https:\\\/\\\/sites.uef.fi\\\/yritystaoppimisymparistoihin\\\/yhteistyossa\\\/yritykset\\\/sf-sound-oy\\\/#breadcrumb\",\"itemListElement\":[{\"@type\":\"ListItem\",\"position\":1,\"name\":\"Home\",\"item\":\"https:\\\/\\\/sites.uef.fi\\\/yritystaoppimisymparistoihin\\\/\"},{\"@type\":\"ListItem\",\"position\":2,\"name\":\"Yhteisty\u00f6ss\u00e4\",\"item\":\"https:\\\/\\\/sites.uef.fi\\\/yritystaoppimisymparistoihin\\\/yhteistyossa\\\/\"},{\"@type\":\"ListItem\",\"position\":3,\"name\":\"Yritykset\",\"item\":\"https:\\\/\\\/sites.uef.fi\\\/yritystaoppimisymparistoihin\\\/yhteistyossa\\\/yritykset\\\/\"},{\"@type\":\"ListItem\",\"position\":4,\"name\":\"SF-Sound Oy\"}]},{\"@type\":\"WebSite\",\"@id\":\"https:\\\/\\\/sites.uef.fi\\\/yritystaoppimisymparistoihin\\\/#website\",\"url\":\"https:\\\/\\\/sites.uef.fi\\\/yritystaoppimisymparistoihin\\\/\",\"name\":\"Yrityst\u00e4 oppimisymp\u00e4rist\u00f6ihin\",\"description\":\"\",\"potentialAction\":[{\"@type\":\"SearchAction\",\"target\":{\"@type\":\"EntryPoint\",\"urlTemplate\":\"https:\\\/\\\/sites.uef.fi\\\/yritystaoppimisymparistoihin\\\/?s={search_term_string}\"},\"query-input\":{\"@type\":\"PropertyValueSpecification\",\"valueRequired\":true,\"valueName\":\"search_term_string\"}}],\"inLanguage\":\"en-US\"}]}<\/script>\n<!-- \/ Yoast SEO plugin. -->","yoast_head_json":{"title":"SF-Sound Oy - Yrityst\u00e4 oppimisymp\u00e4rist\u00f6ihin","robots":{"index":"index","follow":"follow","max-snippet":"max-snippet:-1","max-image-preview":"max-image-preview:large","max-video-preview":"max-video-preview:-1"},"canonical":"https:\/\/sites.uef.fi\/yritystaoppimisymparistoihin\/yhteistyossa\/yritykset\/sf-sound-oy\/","og_locale":"en_US","og_type":"article","og_title":"SF-Sound Oy - Yrityst\u00e4 oppimisymp\u00e4rist\u00f6ihin","og_description":"Monipuolinen musiikki- ja \u00e4\u00e4nipalveluyritys. &#8220;\u00c4\u00e4nistudion, musiikki- ja elokuva\u00e4\u00e4nen lis\u00e4ksi tarjoamme my\u00f6s muita \u00e4\u00e4neen liittyvi\u00e4 palveluita:&#8211; Musiikkikauppa&#8211; Akustiikkamittaukset ja -konsultointi&#8211; \u00c4\u00e4ni- ja musiikkiteknologiakoulutus&#8211; Tuotantopalvelut&#8221; Yhteystiedot:Kotisivut","og_url":"https:\/\/sites.uef.fi\/yritystaoppimisymparistoihin\/yhteistyossa\/yritykset\/sf-sound-oy\/","og_site_name":"Yrityst\u00e4 oppimisymp\u00e4rist\u00f6ihin","article_modified_time":"2024-02-08T07:14:27+00:00","twitter_card":"summary_large_image","twitter_misc":{"Est. reading time":"1 minute"},"schema":{"@context":"https:\/\/schema.org","@graph":[{"@type":"WebPage","@id":"https:\/\/sites.uef.fi\/yritystaoppimisymparistoihin\/yhteistyossa\/yritykset\/sf-sound-oy\/","url":"https:\/\/sites.uef.fi\/yritystaoppimisymparistoihin\/yhteistyossa\/yritykset\/sf-sound-oy\/","name":"SF-Sound Oy - Yrityst\u00e4 oppimisymp\u00e4rist\u00f6ihin","isPartOf":{"@id":"https:\/\/sites.uef.fi\/yritystaoppimisymparistoihin\/#website"},"datePublished":"2020-08-20T11:46:51+00:00","dateModified":"2024-02-08T07:14:27+00:00","breadcrumb":{"@id":"https:\/\/sites.uef.fi\/yritystaoppimisymparistoihin\/yhteistyossa\/yritykset\/sf-sound-oy\/#breadcrumb"},"inLanguage":"en-US","potentialAction":[{"@type":"ReadAction","target":["https:\/\/sites.uef.fi\/yritystaoppimisymparistoihin\/yhteistyossa\/yritykset\/sf-sound-oy\/"]}]},{"@type":"BreadcrumbList","@id":"https:\/\/sites.uef.fi\/yritystaoppimisymparistoihin\/yhteistyossa\/yritykset\/sf-sound-oy\/#breadcrumb","itemListElement":[{"@type":"ListItem","position":1,"name":"Home","item":"https:\/\/sites.uef.fi\/yritystaoppimisymparistoihin\/"},{"@type":"ListItem","position":2,"name":"Yhteisty\u00f6ss\u00e4","item":"https:\/\/sites.uef.fi\/yritystaoppimisymparistoihin\/yhteistyossa\/"},{"@type":"ListItem","position":3,"name":"Yritykset","item":"https:\/\/sites.uef.fi\/yritystaoppimisymparistoihin\/yhteistyossa\/yritykset\/"},{"@type":"ListItem","position":4,"name":"SF-Sound Oy"}]},{"@type":"WebSite","@id":"https:\/\/sites.uef.fi\/yritystaoppimisymparistoihin\/#website","url":"https:\/\/sites.uef.fi\/yritystaoppimisymparistoihin\/","name":"Yrityst\u00e4 oppimisymp\u00e4rist\u00f6ihin","description":"","potentialAction":[{"@type":"SearchAction","target":{"@type":"EntryPoint","urlTemplate":"https:\/\/sites.uef.fi\/yritystaoppimisymparistoihin\/?s={search_term_string}"},"query-input":{"@type":"PropertyValueSpecification","valueRequired":true,"valueName":"search_term_string"}}],"inLanguage":"en-US"}]}},"_links":{"self":[{"href":"https:\/\/sites.uef.fi\/yritystaoppimisymparistoihin\/wp-json\/wp\/v2\/pages\/343","targetHints":{"allow":["GET"]}}],"collection":[{"href":"https:\/\/sites.uef.fi\/yritystaoppimisymparistoihin\/wp-json\/wp\/v2\/pages"}],"about":[{"href":"https:\/\/sites.uef.fi\/yritystaoppimisymparistoihin\/wp-json\/wp\/v2\/types\/page"}],"author":[{"embeddable":true,"href":"https:\/\/sites.uef.fi\/yritystaoppimisymparistoihin\/wp-json\/wp\/v2\/users\/98"}],"replies":[{"embeddable":true,"href":"https:\/\/sites.uef.fi\/yritystaoppimisymparistoihin\/wp-json\/wp\/v2\/comments?post=343"}],"version-history":[{"count":2,"href":"https:\/\/sites.uef.fi\/yritystaoppimisymparistoihin\/wp-json\/wp\/v2\/pages\/343\/revisions"}],"predecessor-version":[{"id":1195,"href":"https:\/\/sites.uef.fi\/yritystaoppimisymparistoihin\/wp-json\/wp\/v2\/pages\/343\/revisions\/1195"}],"up":[{"embeddable":true,"href":"https:\/\/sites.uef.fi\/yritystaoppimisymparistoihin\/wp-json\/wp\/v2\/pages\/250"}],"wp:attachment":[{"href":"https:\/\/sites.uef.fi\/yritystaoppimisymparistoihin\/wp-json\/wp\/v2\/media?parent=343"}],"curies":[{"name":"wp","href":"https:\/\/api.w.org\/{rel}","templated":true}]}}