{"id":349,"date":"2020-08-20T14:47:20","date_gmt":"2020-08-20T11:47:20","guid":{"rendered":"https:\/\/sites.uef.fi\/yritystaoppimisymparistoihin\/?page_id=349"},"modified":"2024-02-08T09:15:00","modified_gmt":"2024-02-08T07:15:00","slug":"tiedekasvatus-hannu-partanen","status":"publish","type":"page","link":"https:\/\/sites.uef.fi\/yritystaoppimisymparistoihin\/yhteistyossa\/yritykset\/tiedekasvatus-hannu-partanen\/","title":{"rendered":"Tiedekasvatus Hannu Partanen"},"content":{"rendered":"\n<p>Tiedekasvatus Hannu Partanen on vuonna 2018 perustettu yritys, joka tarjoaa tiedekerhotoimintaa pienille lapsille Joensuussa. Yritys j\u00e4rjest\u00e4\u00e4 p\u00e4\u00e4asiassa Kide Science -tiedekerhoja Joensuun Karhunm\u00e4ess\u00e4 ja Marjalassa. Kide-tiedekerhot ovat tarinallisia ja leikillisi\u00e4 kerhoja, joissa lapset p\u00e4\u00e4sev\u00e4t tutkimaan luonnonilmi\u00f6it\u00e4 turvallisessa ymp\u00e4rist\u00f6ss\u00e4. Lis\u00e4ksi yritys j\u00e4rjest\u00e4\u00e4 tilauksesta teemap\u00e4ivi\u00e4 p\u00e4iv\u00e4koteihin ja tiedesyntt\u00e4reit\u00e4 lasten kotiin.<\/p>\n\n\n\n<p>Yritt\u00e4j\u00e4 Hannu Partanen on fysiikan ja matematiikan aineenopettajaopiskelija. H\u00e4n tekee parhaillaan pro gradu -tutkielmaa tiedekerhoihin liittyen. H\u00e4nell\u00e4 on usean vuoden kokemus Joensuun Tiedeseuran LUMA-kerhojen ja tiedeleirien ohjaamisesta.<\/p>\n\n\n\n<p>Yhteystiedot:<\/p>\n\n\n\n<p>Kideope Hannu Partanen<br>p. +358 45&nbsp;884 7902<br>Hannu.parta ( \u00e4t ) gmail.com<\/p>\n\n\n\n<figure class=\"wp-block-image\"><img loading=\"lazy\" decoding=\"async\" width=\"1024\" height=\"800\" src=\"https:\/\/sites.uef.fi\/yritystaoppimisymparistoihin\/wp-content\/uploads\/sites\/50\/2021\/04\/Hannu-1024x800.jpg\" alt=\"Hannu Partanen\" class=\"wp-image-831\" srcset=\"https:\/\/sites.uef.fi\/yritystaoppimisymparistoihin\/wp-content\/uploads\/sites\/50\/2021\/04\/Hannu-1024x800.jpg 1024w, https:\/\/sites.uef.fi\/yritystaoppimisymparistoihin\/wp-content\/uploads\/sites\/50\/2021\/04\/Hannu-300x234.jpg 300w, https:\/\/sites.uef.fi\/yritystaoppimisymparistoihin\/wp-content\/uploads\/sites\/50\/2021\/04\/Hannu-768x600.jpg 768w, https:\/\/sites.uef.fi\/yritystaoppimisymparistoihin\/wp-content\/uploads\/sites\/50\/2021\/04\/Hannu-1536x1200.jpg 1536w, https:\/\/sites.uef.fi\/yritystaoppimisymparistoihin\/wp-content\/uploads\/sites\/50\/2021\/04\/Hannu-2048x1599.jpg 2048w\" sizes=\"auto, (max-width: 1024px) 100vw, 1024px\" \/><\/figure>\n","protected":false},"excerpt":{"rendered":"<p>Tiedekasvatus Hannu Partanen on vuonna 2018 perustettu yritys, joka tarjoaa tiedekerhotoimintaa pienille lapsille Joensuussa. Yritys j\u00e4rjest\u00e4\u00e4 p\u00e4\u00e4asiassa Kide Science -tiedekerhoja Joensuun Karhunm\u00e4ess\u00e4 ja Marjalassa. Kide-tiedekerhot ovat tarinallisia ja leikillisi\u00e4 kerhoja, joissa lapset p\u00e4\u00e4sev\u00e4t tutkimaan luonnonilmi\u00f6it\u00e4 turvallisessa ymp\u00e4rist\u00f6ss\u00e4. Lis\u00e4ksi yritys j\u00e4rjest\u00e4\u00e4 tilauksesta teemap\u00e4ivi\u00e4 p\u00e4iv\u00e4koteihin ja tiedesyntt\u00e4reit\u00e4 lasten kotiin. Yritt\u00e4j\u00e4 Hannu Partanen on fysiikan ja matematiikan aineenopettajaopiskelija. [&hellip;]<\/p>\n","protected":false},"author":98,"featured_media":0,"parent":250,"menu_order":6,"comment_status":"closed","ping_status":"closed","template":"","meta":{"_acf_changed":false,"_monsterinsights_skip_tracking":false,"_monsterinsights_sitenote_active":false,"_monsterinsights_sitenote_note":"","_monsterinsights_sitenote_category":0,"footnotes":""},"class_list":["post-349","page","type-page","status-publish","hentry"],"acf":[],"yoast_head":"<!-- This site is optimized with the Yoast SEO plugin v27.3 - https:\/\/yoast.com\/product\/yoast-seo-wordpress\/ -->\n<title>Tiedekasvatus Hannu Partanen - Yrityst\u00e4 oppimisymp\u00e4rist\u00f6ihin<\/title>\n<meta name=\"robots\" content=\"index, follow, max-snippet:-1, max-image-preview:large, max-video-preview:-1\" \/>\n<link rel=\"canonical\" href=\"https:\/\/sites.uef.fi\/yritystaoppimisymparistoihin\/yhteistyossa\/yritykset\/tiedekasvatus-hannu-partanen\/\" \/>\n<meta property=\"og:locale\" content=\"en_US\" \/>\n<meta property=\"og:type\" content=\"article\" \/>\n<meta property=\"og:title\" content=\"Tiedekasvatus Hannu Partanen - Yrityst\u00e4 oppimisymp\u00e4rist\u00f6ihin\" \/>\n<meta property=\"og:description\" content=\"Tiedekasvatus Hannu Partanen on vuonna 2018 perustettu yritys, joka tarjoaa tiedekerhotoimintaa pienille lapsille Joensuussa. Yritys j\u00e4rjest\u00e4\u00e4 p\u00e4\u00e4asiassa Kide Science -tiedekerhoja Joensuun Karhunm\u00e4ess\u00e4 ja Marjalassa. Kide-tiedekerhot ovat tarinallisia ja leikillisi\u00e4 kerhoja, joissa lapset p\u00e4\u00e4sev\u00e4t tutkimaan luonnonilmi\u00f6it\u00e4 turvallisessa ymp\u00e4rist\u00f6ss\u00e4. Lis\u00e4ksi yritys j\u00e4rjest\u00e4\u00e4 tilauksesta teemap\u00e4ivi\u00e4 p\u00e4iv\u00e4koteihin ja tiedesyntt\u00e4reit\u00e4 lasten kotiin. Yritt\u00e4j\u00e4 Hannu Partanen on fysiikan ja matematiikan aineenopettajaopiskelija. [&hellip;]\" \/>\n<meta property=\"og:url\" content=\"https:\/\/sites.uef.fi\/yritystaoppimisymparistoihin\/yhteistyossa\/yritykset\/tiedekasvatus-hannu-partanen\/\" \/>\n<meta property=\"og:site_name\" content=\"Yrityst\u00e4 oppimisymp\u00e4rist\u00f6ihin\" \/>\n<meta property=\"article:modified_time\" content=\"2024-02-08T07:15:00+00:00\" \/>\n<meta property=\"og:image\" content=\"https:\/\/sites.uef.fi\/yritystaoppimisymparistoihin\/wp-content\/uploads\/sites\/50\/2021\/04\/Hannu-1024x800.jpg\" \/>\n<meta name=\"twitter:card\" content=\"summary_large_image\" \/>\n<meta name=\"twitter:label1\" content=\"Est. reading time\" \/>\n\t<meta name=\"twitter:data1\" content=\"1 minute\" \/>\n<script type=\"application\/ld+json\" class=\"yoast-schema-graph\">{\"@context\":\"https:\\\/\\\/schema.org\",\"@graph\":[{\"@type\":\"WebPage\",\"@id\":\"https:\\\/\\\/sites.uef.fi\\\/yritystaoppimisymparistoihin\\\/yhteistyossa\\\/yritykset\\\/tiedekasvatus-hannu-partanen\\\/\",\"url\":\"https:\\\/\\\/sites.uef.fi\\\/yritystaoppimisymparistoihin\\\/yhteistyossa\\\/yritykset\\\/tiedekasvatus-hannu-partanen\\\/\",\"name\":\"Tiedekasvatus Hannu Partanen - Yrityst\u00e4 oppimisymp\u00e4rist\u00f6ihin\",\"isPartOf\":{\"@id\":\"https:\\\/\\\/sites.uef.fi\\\/yritystaoppimisymparistoihin\\\/#website\"},\"primaryImageOfPage\":{\"@id\":\"https:\\\/\\\/sites.uef.fi\\\/yritystaoppimisymparistoihin\\\/yhteistyossa\\\/yritykset\\\/tiedekasvatus-hannu-partanen\\\/#primaryimage\"},\"image\":{\"@id\":\"https:\\\/\\\/sites.uef.fi\\\/yritystaoppimisymparistoihin\\\/yhteistyossa\\\/yritykset\\\/tiedekasvatus-hannu-partanen\\\/#primaryimage\"},\"thumbnailUrl\":\"https:\\\/\\\/sites.uef.fi\\\/yritystaoppimisymparistoihin\\\/wp-content\\\/uploads\\\/sites\\\/50\\\/2021\\\/04\\\/Hannu-1024x800.jpg\",\"datePublished\":\"2020-08-20T11:47:20+00:00\",\"dateModified\":\"2024-02-08T07:15:00+00:00\",\"breadcrumb\":{\"@id\":\"https:\\\/\\\/sites.uef.fi\\\/yritystaoppimisymparistoihin\\\/yhteistyossa\\\/yritykset\\\/tiedekasvatus-hannu-partanen\\\/#breadcrumb\"},\"inLanguage\":\"en-US\",\"potentialAction\":[{\"@type\":\"ReadAction\",\"target\":[\"https:\\\/\\\/sites.uef.fi\\\/yritystaoppimisymparistoihin\\\/yhteistyossa\\\/yritykset\\\/tiedekasvatus-hannu-partanen\\\/\"]}]},{\"@type\":\"ImageObject\",\"inLanguage\":\"en-US\",\"@id\":\"https:\\\/\\\/sites.uef.fi\\\/yritystaoppimisymparistoihin\\\/yhteistyossa\\\/yritykset\\\/tiedekasvatus-hannu-partanen\\\/#primaryimage\",\"url\":\"https:\\\/\\\/sites.uef.fi\\\/yritystaoppimisymparistoihin\\\/wp-content\\\/uploads\\\/sites\\\/50\\\/2021\\\/04\\\/Hannu-scaled.jpg\",\"contentUrl\":\"https:\\\/\\\/sites.uef.fi\\\/yritystaoppimisymparistoihin\\\/wp-content\\\/uploads\\\/sites\\\/50\\\/2021\\\/04\\\/Hannu-scaled.jpg\",\"width\":2560,\"height\":1999,\"caption\":\"Hannu Partanen\"},{\"@type\":\"BreadcrumbList\",\"@id\":\"https:\\\/\\\/sites.uef.fi\\\/yritystaoppimisymparistoihin\\\/yhteistyossa\\\/yritykset\\\/tiedekasvatus-hannu-partanen\\\/#breadcrumb\",\"itemListElement\":[{\"@type\":\"ListItem\",\"position\":1,\"name\":\"Home\",\"item\":\"https:\\\/\\\/sites.uef.fi\\\/yritystaoppimisymparistoihin\\\/\"},{\"@type\":\"ListItem\",\"position\":2,\"name\":\"Yhteisty\u00f6ss\u00e4\",\"item\":\"https:\\\/\\\/sites.uef.fi\\\/yritystaoppimisymparistoihin\\\/yhteistyossa\\\/\"},{\"@type\":\"ListItem\",\"position\":3,\"name\":\"Yritykset\",\"item\":\"https:\\\/\\\/sites.uef.fi\\\/yritystaoppimisymparistoihin\\\/yhteistyossa\\\/yritykset\\\/\"},{\"@type\":\"ListItem\",\"position\":4,\"name\":\"Tiedekasvatus Hannu Partanen\"}]},{\"@type\":\"WebSite\",\"@id\":\"https:\\\/\\\/sites.uef.fi\\\/yritystaoppimisymparistoihin\\\/#website\",\"url\":\"https:\\\/\\\/sites.uef.fi\\\/yritystaoppimisymparistoihin\\\/\",\"name\":\"Yrityst\u00e4 oppimisymp\u00e4rist\u00f6ihin\",\"description\":\"\",\"potentialAction\":[{\"@type\":\"SearchAction\",\"target\":{\"@type\":\"EntryPoint\",\"urlTemplate\":\"https:\\\/\\\/sites.uef.fi\\\/yritystaoppimisymparistoihin\\\/?s={search_term_string}\"},\"query-input\":{\"@type\":\"PropertyValueSpecification\",\"valueRequired\":true,\"valueName\":\"search_term_string\"}}],\"inLanguage\":\"en-US\"}]}<\/script>\n<!-- \/ Yoast SEO plugin. -->","yoast_head_json":{"title":"Tiedekasvatus Hannu Partanen - Yrityst\u00e4 oppimisymp\u00e4rist\u00f6ihin","robots":{"index":"index","follow":"follow","max-snippet":"max-snippet:-1","max-image-preview":"max-image-preview:large","max-video-preview":"max-video-preview:-1"},"canonical":"https:\/\/sites.uef.fi\/yritystaoppimisymparistoihin\/yhteistyossa\/yritykset\/tiedekasvatus-hannu-partanen\/","og_locale":"en_US","og_type":"article","og_title":"Tiedekasvatus Hannu Partanen - Yrityst\u00e4 oppimisymp\u00e4rist\u00f6ihin","og_description":"Tiedekasvatus Hannu Partanen on vuonna 2018 perustettu yritys, joka tarjoaa tiedekerhotoimintaa pienille lapsille Joensuussa. Yritys j\u00e4rjest\u00e4\u00e4 p\u00e4\u00e4asiassa Kide Science -tiedekerhoja Joensuun Karhunm\u00e4ess\u00e4 ja Marjalassa. Kide-tiedekerhot ovat tarinallisia ja leikillisi\u00e4 kerhoja, joissa lapset p\u00e4\u00e4sev\u00e4t tutkimaan luonnonilmi\u00f6it\u00e4 turvallisessa ymp\u00e4rist\u00f6ss\u00e4. Lis\u00e4ksi yritys j\u00e4rjest\u00e4\u00e4 tilauksesta teemap\u00e4ivi\u00e4 p\u00e4iv\u00e4koteihin ja tiedesyntt\u00e4reit\u00e4 lasten kotiin. Yritt\u00e4j\u00e4 Hannu Partanen on fysiikan ja matematiikan aineenopettajaopiskelija. [&hellip;]","og_url":"https:\/\/sites.uef.fi\/yritystaoppimisymparistoihin\/yhteistyossa\/yritykset\/tiedekasvatus-hannu-partanen\/","og_site_name":"Yrityst\u00e4 oppimisymp\u00e4rist\u00f6ihin","article_modified_time":"2024-02-08T07:15:00+00:00","og_image":[{"url":"https:\/\/sites.uef.fi\/yritystaoppimisymparistoihin\/wp-content\/uploads\/sites\/50\/2021\/04\/Hannu-1024x800.jpg","type":"","width":"","height":""}],"twitter_card":"summary_large_image","twitter_misc":{"Est. reading time":"1 minute"},"schema":{"@context":"https:\/\/schema.org","@graph":[{"@type":"WebPage","@id":"https:\/\/sites.uef.fi\/yritystaoppimisymparistoihin\/yhteistyossa\/yritykset\/tiedekasvatus-hannu-partanen\/","url":"https:\/\/sites.uef.fi\/yritystaoppimisymparistoihin\/yhteistyossa\/yritykset\/tiedekasvatus-hannu-partanen\/","name":"Tiedekasvatus Hannu Partanen - Yrityst\u00e4 oppimisymp\u00e4rist\u00f6ihin","isPartOf":{"@id":"https:\/\/sites.uef.fi\/yritystaoppimisymparistoihin\/#website"},"primaryImageOfPage":{"@id":"https:\/\/sites.uef.fi\/yritystaoppimisymparistoihin\/yhteistyossa\/yritykset\/tiedekasvatus-hannu-partanen\/#primaryimage"},"image":{"@id":"https:\/\/sites.uef.fi\/yritystaoppimisymparistoihin\/yhteistyossa\/yritykset\/tiedekasvatus-hannu-partanen\/#primaryimage"},"thumbnailUrl":"https:\/\/sites.uef.fi\/yritystaoppimisymparistoihin\/wp-content\/uploads\/sites\/50\/2021\/04\/Hannu-1024x800.jpg","datePublished":"2020-08-20T11:47:20+00:00","dateModified":"2024-02-08T07:15:00+00:00","breadcrumb":{"@id":"https:\/\/sites.uef.fi\/yritystaoppimisymparistoihin\/yhteistyossa\/yritykset\/tiedekasvatus-hannu-partanen\/#breadcrumb"},"inLanguage":"en-US","potentialAction":[{"@type":"ReadAction","target":["https:\/\/sites.uef.fi\/yritystaoppimisymparistoihin\/yhteistyossa\/yritykset\/tiedekasvatus-hannu-partanen\/"]}]},{"@type":"ImageObject","inLanguage":"en-US","@id":"https:\/\/sites.uef.fi\/yritystaoppimisymparistoihin\/yhteistyossa\/yritykset\/tiedekasvatus-hannu-partanen\/#primaryimage","url":"https:\/\/sites.uef.fi\/yritystaoppimisymparistoihin\/wp-content\/uploads\/sites\/50\/2021\/04\/Hannu-scaled.jpg","contentUrl":"https:\/\/sites.uef.fi\/yritystaoppimisymparistoihin\/wp-content\/uploads\/sites\/50\/2021\/04\/Hannu-scaled.jpg","width":2560,"height":1999,"caption":"Hannu Partanen"},{"@type":"BreadcrumbList","@id":"https:\/\/sites.uef.fi\/yritystaoppimisymparistoihin\/yhteistyossa\/yritykset\/tiedekasvatus-hannu-partanen\/#breadcrumb","itemListElement":[{"@type":"ListItem","position":1,"name":"Home","item":"https:\/\/sites.uef.fi\/yritystaoppimisymparistoihin\/"},{"@type":"ListItem","position":2,"name":"Yhteisty\u00f6ss\u00e4","item":"https:\/\/sites.uef.fi\/yritystaoppimisymparistoihin\/yhteistyossa\/"},{"@type":"ListItem","position":3,"name":"Yritykset","item":"https:\/\/sites.uef.fi\/yritystaoppimisymparistoihin\/yhteistyossa\/yritykset\/"},{"@type":"ListItem","position":4,"name":"Tiedekasvatus Hannu Partanen"}]},{"@type":"WebSite","@id":"https:\/\/sites.uef.fi\/yritystaoppimisymparistoihin\/#website","url":"https:\/\/sites.uef.fi\/yritystaoppimisymparistoihin\/","name":"Yrityst\u00e4 oppimisymp\u00e4rist\u00f6ihin","description":"","potentialAction":[{"@type":"SearchAction","target":{"@type":"EntryPoint","urlTemplate":"https:\/\/sites.uef.fi\/yritystaoppimisymparistoihin\/?s={search_term_string}"},"query-input":{"@type":"PropertyValueSpecification","valueRequired":true,"valueName":"search_term_string"}}],"inLanguage":"en-US"}]}},"_links":{"self":[{"href":"https:\/\/sites.uef.fi\/yritystaoppimisymparistoihin\/wp-json\/wp\/v2\/pages\/349","targetHints":{"allow":["GET"]}}],"collection":[{"href":"https:\/\/sites.uef.fi\/yritystaoppimisymparistoihin\/wp-json\/wp\/v2\/pages"}],"about":[{"href":"https:\/\/sites.uef.fi\/yritystaoppimisymparistoihin\/wp-json\/wp\/v2\/types\/page"}],"author":[{"embeddable":true,"href":"https:\/\/sites.uef.fi\/yritystaoppimisymparistoihin\/wp-json\/wp\/v2\/users\/98"}],"replies":[{"embeddable":true,"href":"https:\/\/sites.uef.fi\/yritystaoppimisymparistoihin\/wp-json\/wp\/v2\/comments?post=349"}],"version-history":[{"count":2,"href":"https:\/\/sites.uef.fi\/yritystaoppimisymparistoihin\/wp-json\/wp\/v2\/pages\/349\/revisions"}],"predecessor-version":[{"id":1198,"href":"https:\/\/sites.uef.fi\/yritystaoppimisymparistoihin\/wp-json\/wp\/v2\/pages\/349\/revisions\/1198"}],"up":[{"embeddable":true,"href":"https:\/\/sites.uef.fi\/yritystaoppimisymparistoihin\/wp-json\/wp\/v2\/pages\/250"}],"wp:attachment":[{"href":"https:\/\/sites.uef.fi\/yritystaoppimisymparistoihin\/wp-json\/wp\/v2\/media?parent=349"}],"curies":[{"name":"wp","href":"https:\/\/api.w.org\/{rel}","templated":true}]}}