{"id":355,"date":"2020-08-20T14:47:53","date_gmt":"2020-08-20T11:47:53","guid":{"rendered":"https:\/\/sites.uef.fi\/yritystaoppimisymparistoihin\/?page_id=355"},"modified":"2024-02-08T09:15:46","modified_gmt":"2024-02-08T07:15:46","slug":"decoradora","status":"publish","type":"page","link":"https:\/\/sites.uef.fi\/yritystaoppimisymparistoihin\/yhteistyossa\/yritykset\/decoradora\/","title":{"rendered":"DecoraDora"},"content":{"rendered":"\n<figure class=\"wp-block-image\"><img loading=\"lazy\" decoding=\"async\" width=\"173\" height=\"68\" src=\"https:\/\/sites.uef.fi\/yritystaoppimisymparistoihin\/wp-content\/uploads\/sites\/50\/2021\/04\/DecoraDoraLogo.JPG.jpg\" alt=\"DecoraDora\" class=\"wp-image-822\" \/><\/figure>\n\n\n\n<p>Katja Kouvalainen on Joensuuhun juurtunut kuvataiteilija.<\/p>\n\n\n\n<p>H\u00e4n on toiminut yritt\u00e4j\u00e4n\u00e4 vuodesta 2009 ja h\u00e4nen yrityksens\u00e4 nimi on DecoraDora. Katja maalaa sein\u00e4maalauksia koteihin, yrityksiin ja julkisiin tiloihin.<\/p>\n\n\n\n<p>Katja kiinnostui sein\u00e4maalauksista ja taiteen ja v\u00e4rien vaikuttavuudesta opiskellessaan kuvataidetta Pohjois-Karjalan ammattikorkeakoulussa. Katja on siit\u00e4 onnellisessa asemassa, ett\u00e4 h\u00e4n saa tehd\u00e4 ty\u00f6t\u00e4, josta h\u00e4n todella nauttii ja jossa riitt\u00e4\u00e4 haastetta. Taiteilija ei ole koskaan valmis.<\/p>\n\n\n\n<p>Katja uskoo taiteen hyv\u00e4\u00e4 tekev\u00e4\u00e4n vaikutukseen. Siihen, ett\u00e4 v\u00e4rit ja viihtyis\u00e4 ymp\u00e4rist\u00f6 vaikuttavat ihmiseen positiivisesti. Ja siihen, ett\u00e4 taide kuuluu kaikille.<\/p>\n\n\n\n<p>Yhteystiedot:<\/p>\n\n\n\n<p>Katja Kouvalainen<br>p. +358 50 344 8969<br>katja ( \u00e4t ) decoradora.fi<br><a href=\"http:\/\/decoradora.fi\/\">Kotisivut<\/a><\/p>\n\n\n\n<figure class=\"wp-block-image\"><img loading=\"lazy\" decoding=\"async\" width=\"689\" height=\"689\" src=\"https:\/\/sites.uef.fi\/yritystaoppimisymparistoihin\/wp-content\/uploads\/sites\/50\/2021\/04\/KatjaKouvalainen.jpg\" alt=\"Katja Kouvalainen\" class=\"wp-image-825\" srcset=\"https:\/\/sites.uef.fi\/yritystaoppimisymparistoihin\/wp-content\/uploads\/sites\/50\/2021\/04\/KatjaKouvalainen.jpg 689w, https:\/\/sites.uef.fi\/yritystaoppimisymparistoihin\/wp-content\/uploads\/sites\/50\/2021\/04\/KatjaKouvalainen-300x300.jpg 300w, https:\/\/sites.uef.fi\/yritystaoppimisymparistoihin\/wp-content\/uploads\/sites\/50\/2021\/04\/KatjaKouvalainen-150x150.jpg 150w, https:\/\/sites.uef.fi\/yritystaoppimisymparistoihin\/wp-content\/uploads\/sites\/50\/2021\/04\/KatjaKouvalainen-100x100.jpg 100w\" sizes=\"auto, (max-width: 689px) 100vw, 689px\" \/><\/figure>\n","protected":false},"excerpt":{"rendered":"<p>Katja Kouvalainen on Joensuuhun juurtunut kuvataiteilija. H\u00e4n on toiminut yritt\u00e4j\u00e4n\u00e4 vuodesta 2009 ja h\u00e4nen yrityksens\u00e4 nimi on DecoraDora. Katja maalaa sein\u00e4maalauksia koteihin, yrityksiin ja julkisiin tiloihin. Katja kiinnostui sein\u00e4maalauksista ja taiteen ja v\u00e4rien vaikuttavuudesta opiskellessaan kuvataidetta Pohjois-Karjalan ammattikorkeakoulussa. Katja on siit\u00e4 onnellisessa asemassa, ett\u00e4 h\u00e4n saa tehd\u00e4 ty\u00f6t\u00e4, josta h\u00e4n todella nauttii ja jossa riitt\u00e4\u00e4 [&hellip;]<\/p>\n","protected":false},"author":98,"featured_media":0,"parent":250,"menu_order":7,"comment_status":"closed","ping_status":"closed","template":"","meta":{"_acf_changed":false,"_monsterinsights_skip_tracking":false,"_monsterinsights_sitenote_active":false,"_monsterinsights_sitenote_note":"","_monsterinsights_sitenote_category":0,"footnotes":""},"class_list":["post-355","page","type-page","status-publish","hentry"],"acf":[],"yoast_head":"<!-- This site is optimized with the Yoast SEO plugin v27.3 - https:\/\/yoast.com\/product\/yoast-seo-wordpress\/ -->\n<title>DecoraDora - Yrityst\u00e4 oppimisymp\u00e4rist\u00f6ihin<\/title>\n<meta name=\"robots\" content=\"index, follow, max-snippet:-1, max-image-preview:large, max-video-preview:-1\" \/>\n<link rel=\"canonical\" href=\"https:\/\/sites.uef.fi\/yritystaoppimisymparistoihin\/yhteistyossa\/yritykset\/decoradora\/\" \/>\n<meta property=\"og:locale\" content=\"en_US\" \/>\n<meta property=\"og:type\" content=\"article\" \/>\n<meta property=\"og:title\" content=\"DecoraDora - Yrityst\u00e4 oppimisymp\u00e4rist\u00f6ihin\" \/>\n<meta property=\"og:description\" content=\"Katja Kouvalainen on Joensuuhun juurtunut kuvataiteilija. H\u00e4n on toiminut yritt\u00e4j\u00e4n\u00e4 vuodesta 2009 ja h\u00e4nen yrityksens\u00e4 nimi on DecoraDora. Katja maalaa sein\u00e4maalauksia koteihin, yrityksiin ja julkisiin tiloihin. Katja kiinnostui sein\u00e4maalauksista ja taiteen ja v\u00e4rien vaikuttavuudesta opiskellessaan kuvataidetta Pohjois-Karjalan ammattikorkeakoulussa. Katja on siit\u00e4 onnellisessa asemassa, ett\u00e4 h\u00e4n saa tehd\u00e4 ty\u00f6t\u00e4, josta h\u00e4n todella nauttii ja jossa riitt\u00e4\u00e4 [&hellip;]\" \/>\n<meta property=\"og:url\" content=\"https:\/\/sites.uef.fi\/yritystaoppimisymparistoihin\/yhteistyossa\/yritykset\/decoradora\/\" \/>\n<meta property=\"og:site_name\" content=\"Yrityst\u00e4 oppimisymp\u00e4rist\u00f6ihin\" \/>\n<meta property=\"article:modified_time\" content=\"2024-02-08T07:15:46+00:00\" \/>\n<meta property=\"og:image\" content=\"https:\/\/sites.uef.fi\/yritystaoppimisymparistoihin\/wp-content\/uploads\/sites\/50\/2021\/04\/DecoraDoraLogo.JPG.jpg\" \/>\n<meta name=\"twitter:card\" content=\"summary_large_image\" \/>\n<meta name=\"twitter:label1\" content=\"Est. reading time\" \/>\n\t<meta name=\"twitter:data1\" content=\"1 minute\" \/>\n<script type=\"application\/ld+json\" class=\"yoast-schema-graph\">{\"@context\":\"https:\\\/\\\/schema.org\",\"@graph\":[{\"@type\":\"WebPage\",\"@id\":\"https:\\\/\\\/sites.uef.fi\\\/yritystaoppimisymparistoihin\\\/yhteistyossa\\\/yritykset\\\/decoradora\\\/\",\"url\":\"https:\\\/\\\/sites.uef.fi\\\/yritystaoppimisymparistoihin\\\/yhteistyossa\\\/yritykset\\\/decoradora\\\/\",\"name\":\"DecoraDora - Yrityst\u00e4 oppimisymp\u00e4rist\u00f6ihin\",\"isPartOf\":{\"@id\":\"https:\\\/\\\/sites.uef.fi\\\/yritystaoppimisymparistoihin\\\/#website\"},\"primaryImageOfPage\":{\"@id\":\"https:\\\/\\\/sites.uef.fi\\\/yritystaoppimisymparistoihin\\\/yhteistyossa\\\/yritykset\\\/decoradora\\\/#primaryimage\"},\"image\":{\"@id\":\"https:\\\/\\\/sites.uef.fi\\\/yritystaoppimisymparistoihin\\\/yhteistyossa\\\/yritykset\\\/decoradora\\\/#primaryimage\"},\"thumbnailUrl\":\"https:\\\/\\\/sites.uef.fi\\\/yritystaoppimisymparistoihin\\\/wp-content\\\/uploads\\\/sites\\\/50\\\/2021\\\/04\\\/DecoraDoraLogo.JPG.jpg\",\"datePublished\":\"2020-08-20T11:47:53+00:00\",\"dateModified\":\"2024-02-08T07:15:46+00:00\",\"breadcrumb\":{\"@id\":\"https:\\\/\\\/sites.uef.fi\\\/yritystaoppimisymparistoihin\\\/yhteistyossa\\\/yritykset\\\/decoradora\\\/#breadcrumb\"},\"inLanguage\":\"en-US\",\"potentialAction\":[{\"@type\":\"ReadAction\",\"target\":[\"https:\\\/\\\/sites.uef.fi\\\/yritystaoppimisymparistoihin\\\/yhteistyossa\\\/yritykset\\\/decoradora\\\/\"]}]},{\"@type\":\"ImageObject\",\"inLanguage\":\"en-US\",\"@id\":\"https:\\\/\\\/sites.uef.fi\\\/yritystaoppimisymparistoihin\\\/yhteistyossa\\\/yritykset\\\/decoradora\\\/#primaryimage\",\"url\":\"https:\\\/\\\/sites.uef.fi\\\/yritystaoppimisymparistoihin\\\/wp-content\\\/uploads\\\/sites\\\/50\\\/2021\\\/04\\\/DecoraDoraLogo.JPG.jpg\",\"contentUrl\":\"https:\\\/\\\/sites.uef.fi\\\/yritystaoppimisymparistoihin\\\/wp-content\\\/uploads\\\/sites\\\/50\\\/2021\\\/04\\\/DecoraDoraLogo.JPG.jpg\",\"width\":173,\"height\":68,\"caption\":\"DecoraDora\"},{\"@type\":\"BreadcrumbList\",\"@id\":\"https:\\\/\\\/sites.uef.fi\\\/yritystaoppimisymparistoihin\\\/yhteistyossa\\\/yritykset\\\/decoradora\\\/#breadcrumb\",\"itemListElement\":[{\"@type\":\"ListItem\",\"position\":1,\"name\":\"Home\",\"item\":\"https:\\\/\\\/sites.uef.fi\\\/yritystaoppimisymparistoihin\\\/\"},{\"@type\":\"ListItem\",\"position\":2,\"name\":\"Yhteisty\u00f6ss\u00e4\",\"item\":\"https:\\\/\\\/sites.uef.fi\\\/yritystaoppimisymparistoihin\\\/yhteistyossa\\\/\"},{\"@type\":\"ListItem\",\"position\":3,\"name\":\"Yritykset\",\"item\":\"https:\\\/\\\/sites.uef.fi\\\/yritystaoppimisymparistoihin\\\/yhteistyossa\\\/yritykset\\\/\"},{\"@type\":\"ListItem\",\"position\":4,\"name\":\"DecoraDora\"}]},{\"@type\":\"WebSite\",\"@id\":\"https:\\\/\\\/sites.uef.fi\\\/yritystaoppimisymparistoihin\\\/#website\",\"url\":\"https:\\\/\\\/sites.uef.fi\\\/yritystaoppimisymparistoihin\\\/\",\"name\":\"Yrityst\u00e4 oppimisymp\u00e4rist\u00f6ihin\",\"description\":\"\",\"potentialAction\":[{\"@type\":\"SearchAction\",\"target\":{\"@type\":\"EntryPoint\",\"urlTemplate\":\"https:\\\/\\\/sites.uef.fi\\\/yritystaoppimisymparistoihin\\\/?s={search_term_string}\"},\"query-input\":{\"@type\":\"PropertyValueSpecification\",\"valueRequired\":true,\"valueName\":\"search_term_string\"}}],\"inLanguage\":\"en-US\"}]}<\/script>\n<!-- \/ Yoast SEO plugin. -->","yoast_head_json":{"title":"DecoraDora - Yrityst\u00e4 oppimisymp\u00e4rist\u00f6ihin","robots":{"index":"index","follow":"follow","max-snippet":"max-snippet:-1","max-image-preview":"max-image-preview:large","max-video-preview":"max-video-preview:-1"},"canonical":"https:\/\/sites.uef.fi\/yritystaoppimisymparistoihin\/yhteistyossa\/yritykset\/decoradora\/","og_locale":"en_US","og_type":"article","og_title":"DecoraDora - Yrityst\u00e4 oppimisymp\u00e4rist\u00f6ihin","og_description":"Katja Kouvalainen on Joensuuhun juurtunut kuvataiteilija. H\u00e4n on toiminut yritt\u00e4j\u00e4n\u00e4 vuodesta 2009 ja h\u00e4nen yrityksens\u00e4 nimi on DecoraDora. Katja maalaa sein\u00e4maalauksia koteihin, yrityksiin ja julkisiin tiloihin. Katja kiinnostui sein\u00e4maalauksista ja taiteen ja v\u00e4rien vaikuttavuudesta opiskellessaan kuvataidetta Pohjois-Karjalan ammattikorkeakoulussa. Katja on siit\u00e4 onnellisessa asemassa, ett\u00e4 h\u00e4n saa tehd\u00e4 ty\u00f6t\u00e4, josta h\u00e4n todella nauttii ja jossa riitt\u00e4\u00e4 [&hellip;]","og_url":"https:\/\/sites.uef.fi\/yritystaoppimisymparistoihin\/yhteistyossa\/yritykset\/decoradora\/","og_site_name":"Yrityst\u00e4 oppimisymp\u00e4rist\u00f6ihin","article_modified_time":"2024-02-08T07:15:46+00:00","og_image":[{"url":"https:\/\/sites.uef.fi\/yritystaoppimisymparistoihin\/wp-content\/uploads\/sites\/50\/2021\/04\/DecoraDoraLogo.JPG.jpg","type":"","width":"","height":""}],"twitter_card":"summary_large_image","twitter_misc":{"Est. reading time":"1 minute"},"schema":{"@context":"https:\/\/schema.org","@graph":[{"@type":"WebPage","@id":"https:\/\/sites.uef.fi\/yritystaoppimisymparistoihin\/yhteistyossa\/yritykset\/decoradora\/","url":"https:\/\/sites.uef.fi\/yritystaoppimisymparistoihin\/yhteistyossa\/yritykset\/decoradora\/","name":"DecoraDora - Yrityst\u00e4 oppimisymp\u00e4rist\u00f6ihin","isPartOf":{"@id":"https:\/\/sites.uef.fi\/yritystaoppimisymparistoihin\/#website"},"primaryImageOfPage":{"@id":"https:\/\/sites.uef.fi\/yritystaoppimisymparistoihin\/yhteistyossa\/yritykset\/decoradora\/#primaryimage"},"image":{"@id":"https:\/\/sites.uef.fi\/yritystaoppimisymparistoihin\/yhteistyossa\/yritykset\/decoradora\/#primaryimage"},"thumbnailUrl":"https:\/\/sites.uef.fi\/yritystaoppimisymparistoihin\/wp-content\/uploads\/sites\/50\/2021\/04\/DecoraDoraLogo.JPG.jpg","datePublished":"2020-08-20T11:47:53+00:00","dateModified":"2024-02-08T07:15:46+00:00","breadcrumb":{"@id":"https:\/\/sites.uef.fi\/yritystaoppimisymparistoihin\/yhteistyossa\/yritykset\/decoradora\/#breadcrumb"},"inLanguage":"en-US","potentialAction":[{"@type":"ReadAction","target":["https:\/\/sites.uef.fi\/yritystaoppimisymparistoihin\/yhteistyossa\/yritykset\/decoradora\/"]}]},{"@type":"ImageObject","inLanguage":"en-US","@id":"https:\/\/sites.uef.fi\/yritystaoppimisymparistoihin\/yhteistyossa\/yritykset\/decoradora\/#primaryimage","url":"https:\/\/sites.uef.fi\/yritystaoppimisymparistoihin\/wp-content\/uploads\/sites\/50\/2021\/04\/DecoraDoraLogo.JPG.jpg","contentUrl":"https:\/\/sites.uef.fi\/yritystaoppimisymparistoihin\/wp-content\/uploads\/sites\/50\/2021\/04\/DecoraDoraLogo.JPG.jpg","width":173,"height":68,"caption":"DecoraDora"},{"@type":"BreadcrumbList","@id":"https:\/\/sites.uef.fi\/yritystaoppimisymparistoihin\/yhteistyossa\/yritykset\/decoradora\/#breadcrumb","itemListElement":[{"@type":"ListItem","position":1,"name":"Home","item":"https:\/\/sites.uef.fi\/yritystaoppimisymparistoihin\/"},{"@type":"ListItem","position":2,"name":"Yhteisty\u00f6ss\u00e4","item":"https:\/\/sites.uef.fi\/yritystaoppimisymparistoihin\/yhteistyossa\/"},{"@type":"ListItem","position":3,"name":"Yritykset","item":"https:\/\/sites.uef.fi\/yritystaoppimisymparistoihin\/yhteistyossa\/yritykset\/"},{"@type":"ListItem","position":4,"name":"DecoraDora"}]},{"@type":"WebSite","@id":"https:\/\/sites.uef.fi\/yritystaoppimisymparistoihin\/#website","url":"https:\/\/sites.uef.fi\/yritystaoppimisymparistoihin\/","name":"Yrityst\u00e4 oppimisymp\u00e4rist\u00f6ihin","description":"","potentialAction":[{"@type":"SearchAction","target":{"@type":"EntryPoint","urlTemplate":"https:\/\/sites.uef.fi\/yritystaoppimisymparistoihin\/?s={search_term_string}"},"query-input":{"@type":"PropertyValueSpecification","valueRequired":true,"valueName":"search_term_string"}}],"inLanguage":"en-US"}]}},"_links":{"self":[{"href":"https:\/\/sites.uef.fi\/yritystaoppimisymparistoihin\/wp-json\/wp\/v2\/pages\/355","targetHints":{"allow":["GET"]}}],"collection":[{"href":"https:\/\/sites.uef.fi\/yritystaoppimisymparistoihin\/wp-json\/wp\/v2\/pages"}],"about":[{"href":"https:\/\/sites.uef.fi\/yritystaoppimisymparistoihin\/wp-json\/wp\/v2\/types\/page"}],"author":[{"embeddable":true,"href":"https:\/\/sites.uef.fi\/yritystaoppimisymparistoihin\/wp-json\/wp\/v2\/users\/98"}],"replies":[{"embeddable":true,"href":"https:\/\/sites.uef.fi\/yritystaoppimisymparistoihin\/wp-json\/wp\/v2\/comments?post=355"}],"version-history":[{"count":2,"href":"https:\/\/sites.uef.fi\/yritystaoppimisymparistoihin\/wp-json\/wp\/v2\/pages\/355\/revisions"}],"predecessor-version":[{"id":1201,"href":"https:\/\/sites.uef.fi\/yritystaoppimisymparistoihin\/wp-json\/wp\/v2\/pages\/355\/revisions\/1201"}],"up":[{"embeddable":true,"href":"https:\/\/sites.uef.fi\/yritystaoppimisymparistoihin\/wp-json\/wp\/v2\/pages\/250"}],"wp:attachment":[{"href":"https:\/\/sites.uef.fi\/yritystaoppimisymparistoihin\/wp-json\/wp\/v2\/media?parent=355"}],"curies":[{"name":"wp","href":"https:\/\/api.w.org\/{rel}","templated":true}]}}