{"id":41,"date":"2020-04-15T12:13:28","date_gmt":"2020-04-15T09:13:28","guid":{"rendered":"https:\/\/sites.uef.fi\/yritystaoppimisymparistoihin\/?page_id=41"},"modified":"2024-01-29T14:35:00","modified_gmt":"2024-01-29T11:35:00","slug":"hankkeen-tiedot","status":"publish","type":"page","link":"https:\/\/sites.uef.fi\/yritystaoppimisymparistoihin\/hankkeen-tiedot\/","title":{"rendered":"Hankkeen tiedot"},"content":{"rendered":"\n<h2 class=\"wp-block-heading\">Tietoja hankkeesta<\/h2>\n\n\n\n<p>Hankkeen tavoitteena on vahvistaa maakunnan osaamista ja sen jatkuvaa kehitt\u00e4mist\u00e4 tarjoamalla maakunnan yritykselle tietoa ja yhteisty\u00f6t\u00e4 koulutusorganisaatioiden oppimisymp\u00e4rist\u00f6jen kehitt\u00e4miseen. Hankkeessa kehitet\u00e4\u00e4n ja toteutetaan tulevaisuuden ty\u00f6el\u00e4m\u00e4taitoja vahvistavia oppimisymp\u00e4rist\u00f6j\u00e4 painottaen erityisesti tieto-ja viestint\u00e4teknologia (TVT) tuettua opetusta. Maakunnan koulutusorganisaatioiden ja yritysten yhteisty\u00f6t\u00e4 kehitet\u00e4\u00e4n vahvistamalla It\u00e4-Suomen yliopiston opettajankoulutuksessa hankitun oppimisymp\u00e4rist\u00f6osaamisen ja alueen pienyritysten kumppanuuksilla:<\/p>\n\n\n\n<ul class=\"wp-block-list\">\n<li>suunnitellaan ja luodaan uusia tuotteita, v\u00e4lineit\u00e4 ja prosesseja oppimisymp\u00e4rist\u00f6jen kehitt\u00e4miseksi,<\/li>\n\n\n\n<li>lis\u00e4t\u00e4\u00e4n yritt\u00e4jien yhteisty\u00f6t\u00e4 ja opettajien osaamista erilaisten oppimisymp\u00e4rist\u00f6jen hy\u00f6dynt\u00e4miseksi j\u00e4rjest\u00e4m\u00e4ll\u00e4 seminaareja ja ty\u00f6pajoja ja<\/li>\n\n\n\n<li>vahvistetaan koulujen ty\u00f6el\u00e4m\u00e4tietoisuutta yritysvierailujen kautta. T\u00e4m\u00e4 hanke tukee It\u00e4-Suomen yliopistossa jo aloitettua ja strategisesti tunnustettua oppimisymp\u00e4rist\u00f6tutkimusta sek\u00e4 edist\u00e4\u00e4 yliopiston ja elinkeinoel\u00e4m\u00e4n yhteisty\u00f6t\u00e4 maakunnan menestymiseksi.<\/li>\n<\/ul>\n\n\n\n<p>Hankkeessa tehd\u00e4\u00e4n aktiivisesti yhteisty\u00f6t\u00e4 Pohjois-Karjalan koulutuskuntien, ensisijaisesti Lieksan, Kontiolahden, Liperin ja Joensuun kanssa, mutta hankkeen kohderyhm\u00e4n\u00e4 ovat kaikki maakunnan paikkakunnat. Kehitt\u00e4mistoiminnan tuloksena voidaan edist\u00e4\u00e4 ty\u00f6t\u00e4 ja koulutuksen laatua niin korkea-asteella kuin perusopetuksessa. Hankkeen lyhyen aikav\u00e4lin vaikutuksia on useita. Hanke edist\u00e4\u00e4 yritysten ja koulutuksen v\u00e4list\u00e4 yhteisty\u00f6t\u00e4 sek\u00e4 vahvistaa yritysten kilpailukyky\u00e4 ja sis\u00e4ll\u00f6llist\u00e4 kehittymist\u00e4. Lis\u00e4ksi hanke vahvistaa alueen koulutusta ja opettajien pedagogisia valmiuksia kehitt\u00e4\u00e4 ja k\u00e4ytt\u00e4\u00e4 tulevaisuuden taitoja edist\u00e4vi\u00e4 oppimisymp\u00e4rist\u00f6j\u00e4.<\/p>\n\n\n\n<p>Hankkeen tulosten avulla tuetaan tutkimustoimintaa ja siten my\u00f6s It\u00e4-Suomen yliopiston strategista tutkimusalaa ja vahvistetaan oppimisen sek\u00e4 opetuksen tutkimuksen roolia. Pitk\u00e4n aikav\u00e4lin vaikutukset ovat ensisijaisesti alueellista kehitt\u00e4mist\u00e4. Hanke vahvistaa koulutusorganisaatioiden ja alueellisten yritysten yhteisty\u00f6t\u00e4. Hanke edist\u00e4\u00e4 yritysten laajempaa toimijuutta, keskin\u00e4ist\u00e4 yhteisty\u00f6t\u00e4 ja n\u00e4kyvyytt\u00e4 maakunnassa sek\u00e4 siten vahvistaa elinkeinoel\u00e4m\u00e4\u00e4. Lis\u00e4ksi kouluihin valmistuu opettajia, joilla on entist\u00e4 paremmat valmiudet toteuttaa ty\u00f6el\u00e4m\u00e4taitoja tukevaa opetusta. Hanke tukee vahvasti alueen koulutusvienti\u00e4.<\/p>\n\n\n\n<p><a href=\"https:\/\/www.uef.fi\/fi\/web\/hankkeet\/eu-rakennerahastohankkeet\/-\/asset_publisher\/ZiYi0ZaEpXY1\/content\/joustavien-oppimisymparistojen-suunnittelu-ja-kehittaminen\" target=\"_blank\" rel=\"noopener noreferrer\">Lis\u00e4tietoja hankkeesta <\/a>(linkki UEF:n sivuille, aukeaa uuteen v\u00e4lilehteen)<\/p>\n\n\n\n<figure class=\"wp-block-image aligncenter\"><img loading=\"lazy\" decoding=\"async\" width=\"809\" height=\"1024\" src=\"https:\/\/sites.uef.fi\/yritystaoppimisymparistoihin\/wp-content\/uploads\/sites\/50\/2020\/09\/tekijat-809x1024.jpg\" alt=\"Hankkeen henkil\u00f6st\u00f6\" class=\"wp-image-595\" srcset=\"https:\/\/sites.uef.fi\/yritystaoppimisymparistoihin\/wp-content\/uploads\/sites\/50\/2020\/09\/tekijat-809x1024.jpg 809w, https:\/\/sites.uef.fi\/yritystaoppimisymparistoihin\/wp-content\/uploads\/sites\/50\/2020\/09\/tekijat-237x300.jpg 237w, https:\/\/sites.uef.fi\/yritystaoppimisymparistoihin\/wp-content\/uploads\/sites\/50\/2020\/09\/tekijat-768x972.jpg 768w, https:\/\/sites.uef.fi\/yritystaoppimisymparistoihin\/wp-content\/uploads\/sites\/50\/2020\/09\/tekijat-1214x1536.jpg 1214w, https:\/\/sites.uef.fi\/yritystaoppimisymparistoihin\/wp-content\/uploads\/sites\/50\/2020\/09\/tekijat-1619x2048.jpg 1619w, https:\/\/sites.uef.fi\/yritystaoppimisymparistoihin\/wp-content\/uploads\/sites\/50\/2020\/09\/tekijat-scaled.jpg 2023w\" sizes=\"auto, (max-width: 809px) 100vw, 809px\" \/><\/figure>\n","protected":false},"excerpt":{"rendered":"<p>Tietoja hankkeesta Hankkeen tavoitteena on vahvistaa maakunnan osaamista ja sen jatkuvaa kehitt\u00e4mist\u00e4 tarjoamalla maakunnan yritykselle tietoa ja yhteisty\u00f6t\u00e4 koulutusorganisaatioiden oppimisymp\u00e4rist\u00f6jen kehitt\u00e4miseen. Hankkeessa kehitet\u00e4\u00e4n ja toteutetaan tulevaisuuden ty\u00f6el\u00e4m\u00e4taitoja vahvistavia oppimisymp\u00e4rist\u00f6j\u00e4 painottaen erityisesti tieto-ja viestint\u00e4teknologia (TVT) tuettua opetusta. Maakunnan koulutusorganisaatioiden ja yritysten yhteisty\u00f6t\u00e4 kehitet\u00e4\u00e4n vahvistamalla It\u00e4-Suomen yliopiston opettajankoulutuksessa hankitun oppimisymp\u00e4rist\u00f6osaamisen ja alueen pienyritysten kumppanuuksilla: Hankkeessa tehd\u00e4\u00e4n aktiivisesti [&hellip;]<\/p>\n","protected":false},"author":98,"featured_media":0,"parent":0,"menu_order":1,"comment_status":"closed","ping_status":"closed","template":"","meta":{"_acf_changed":false,"_monsterinsights_skip_tracking":false,"_monsterinsights_sitenote_active":false,"_monsterinsights_sitenote_note":"","_monsterinsights_sitenote_category":0,"footnotes":""},"class_list":["post-41","page","type-page","status-publish","hentry"],"acf":[],"yoast_head":"<!-- This site is optimized with the Yoast SEO plugin v27.3 - https:\/\/yoast.com\/product\/yoast-seo-wordpress\/ -->\n<title>Hankkeen tiedot - Yrityst\u00e4 oppimisymp\u00e4rist\u00f6ihin<\/title>\n<meta name=\"robots\" content=\"index, follow, max-snippet:-1, max-image-preview:large, max-video-preview:-1\" \/>\n<link rel=\"canonical\" href=\"https:\/\/sites.uef.fi\/yritystaoppimisymparistoihin\/hankkeen-tiedot\/\" \/>\n<meta property=\"og:locale\" content=\"en_US\" \/>\n<meta property=\"og:type\" content=\"article\" \/>\n<meta property=\"og:title\" content=\"Hankkeen tiedot - Yrityst\u00e4 oppimisymp\u00e4rist\u00f6ihin\" \/>\n<meta property=\"og:description\" content=\"Tietoja hankkeesta Hankkeen tavoitteena on vahvistaa maakunnan osaamista ja sen jatkuvaa kehitt\u00e4mist\u00e4 tarjoamalla maakunnan yritykselle tietoa ja yhteisty\u00f6t\u00e4 koulutusorganisaatioiden oppimisymp\u00e4rist\u00f6jen kehitt\u00e4miseen. Hankkeessa kehitet\u00e4\u00e4n ja toteutetaan tulevaisuuden ty\u00f6el\u00e4m\u00e4taitoja vahvistavia oppimisymp\u00e4rist\u00f6j\u00e4 painottaen erityisesti tieto-ja viestint\u00e4teknologia (TVT) tuettua opetusta. Maakunnan koulutusorganisaatioiden ja yritysten yhteisty\u00f6t\u00e4 kehitet\u00e4\u00e4n vahvistamalla It\u00e4-Suomen yliopiston opettajankoulutuksessa hankitun oppimisymp\u00e4rist\u00f6osaamisen ja alueen pienyritysten kumppanuuksilla: Hankkeessa tehd\u00e4\u00e4n aktiivisesti [&hellip;]\" \/>\n<meta property=\"og:url\" content=\"https:\/\/sites.uef.fi\/yritystaoppimisymparistoihin\/hankkeen-tiedot\/\" \/>\n<meta property=\"og:site_name\" content=\"Yrityst\u00e4 oppimisymp\u00e4rist\u00f6ihin\" \/>\n<meta property=\"article:modified_time\" content=\"2024-01-29T11:35:00+00:00\" \/>\n<meta property=\"og:image\" content=\"https:\/\/sites.uef.fi\/yritystaoppimisymparistoihin\/wp-content\/uploads\/sites\/50\/2020\/09\/tekijat-809x1024.jpg\" \/>\n<meta name=\"twitter:card\" content=\"summary_large_image\" \/>\n<meta name=\"twitter:label1\" content=\"Est. reading time\" \/>\n\t<meta name=\"twitter:data1\" content=\"2 minutes\" \/>\n<script type=\"application\/ld+json\" class=\"yoast-schema-graph\">{\"@context\":\"https:\\\/\\\/schema.org\",\"@graph\":[{\"@type\":\"WebPage\",\"@id\":\"https:\\\/\\\/sites.uef.fi\\\/yritystaoppimisymparistoihin\\\/hankkeen-tiedot\\\/\",\"url\":\"https:\\\/\\\/sites.uef.fi\\\/yritystaoppimisymparistoihin\\\/hankkeen-tiedot\\\/\",\"name\":\"Hankkeen tiedot - Yrityst\u00e4 oppimisymp\u00e4rist\u00f6ihin\",\"isPartOf\":{\"@id\":\"https:\\\/\\\/sites.uef.fi\\\/yritystaoppimisymparistoihin\\\/#website\"},\"primaryImageOfPage\":{\"@id\":\"https:\\\/\\\/sites.uef.fi\\\/yritystaoppimisymparistoihin\\\/hankkeen-tiedot\\\/#primaryimage\"},\"image\":{\"@id\":\"https:\\\/\\\/sites.uef.fi\\\/yritystaoppimisymparistoihin\\\/hankkeen-tiedot\\\/#primaryimage\"},\"thumbnailUrl\":\"https:\\\/\\\/sites.uef.fi\\\/yritystaoppimisymparistoihin\\\/wp-content\\\/uploads\\\/sites\\\/50\\\/2020\\\/09\\\/tekijat-809x1024.jpg\",\"datePublished\":\"2020-04-15T09:13:28+00:00\",\"dateModified\":\"2024-01-29T11:35:00+00:00\",\"breadcrumb\":{\"@id\":\"https:\\\/\\\/sites.uef.fi\\\/yritystaoppimisymparistoihin\\\/hankkeen-tiedot\\\/#breadcrumb\"},\"inLanguage\":\"en-US\",\"potentialAction\":[{\"@type\":\"ReadAction\",\"target\":[\"https:\\\/\\\/sites.uef.fi\\\/yritystaoppimisymparistoihin\\\/hankkeen-tiedot\\\/\"]}]},{\"@type\":\"ImageObject\",\"inLanguage\":\"en-US\",\"@id\":\"https:\\\/\\\/sites.uef.fi\\\/yritystaoppimisymparistoihin\\\/hankkeen-tiedot\\\/#primaryimage\",\"url\":\"https:\\\/\\\/sites.uef.fi\\\/yritystaoppimisymparistoihin\\\/wp-content\\\/uploads\\\/sites\\\/50\\\/2020\\\/09\\\/tekijat-scaled.jpg\",\"contentUrl\":\"https:\\\/\\\/sites.uef.fi\\\/yritystaoppimisymparistoihin\\\/wp-content\\\/uploads\\\/sites\\\/50\\\/2020\\\/09\\\/tekijat-scaled.jpg\",\"width\":2023,\"height\":2560,\"caption\":\"Hankkeen henkil\u00f6st\u00f6\"},{\"@type\":\"BreadcrumbList\",\"@id\":\"https:\\\/\\\/sites.uef.fi\\\/yritystaoppimisymparistoihin\\\/hankkeen-tiedot\\\/#breadcrumb\",\"itemListElement\":[{\"@type\":\"ListItem\",\"position\":1,\"name\":\"Home\",\"item\":\"https:\\\/\\\/sites.uef.fi\\\/yritystaoppimisymparistoihin\\\/\"},{\"@type\":\"ListItem\",\"position\":2,\"name\":\"Hankkeen tiedot\"}]},{\"@type\":\"WebSite\",\"@id\":\"https:\\\/\\\/sites.uef.fi\\\/yritystaoppimisymparistoihin\\\/#website\",\"url\":\"https:\\\/\\\/sites.uef.fi\\\/yritystaoppimisymparistoihin\\\/\",\"name\":\"Yrityst\u00e4 oppimisymp\u00e4rist\u00f6ihin\",\"description\":\"\",\"potentialAction\":[{\"@type\":\"SearchAction\",\"target\":{\"@type\":\"EntryPoint\",\"urlTemplate\":\"https:\\\/\\\/sites.uef.fi\\\/yritystaoppimisymparistoihin\\\/?s={search_term_string}\"},\"query-input\":{\"@type\":\"PropertyValueSpecification\",\"valueRequired\":true,\"valueName\":\"search_term_string\"}}],\"inLanguage\":\"en-US\"}]}<\/script>\n<!-- \/ Yoast SEO plugin. -->","yoast_head_json":{"title":"Hankkeen tiedot - Yrityst\u00e4 oppimisymp\u00e4rist\u00f6ihin","robots":{"index":"index","follow":"follow","max-snippet":"max-snippet:-1","max-image-preview":"max-image-preview:large","max-video-preview":"max-video-preview:-1"},"canonical":"https:\/\/sites.uef.fi\/yritystaoppimisymparistoihin\/hankkeen-tiedot\/","og_locale":"en_US","og_type":"article","og_title":"Hankkeen tiedot - Yrityst\u00e4 oppimisymp\u00e4rist\u00f6ihin","og_description":"Tietoja hankkeesta Hankkeen tavoitteena on vahvistaa maakunnan osaamista ja sen jatkuvaa kehitt\u00e4mist\u00e4 tarjoamalla maakunnan yritykselle tietoa ja yhteisty\u00f6t\u00e4 koulutusorganisaatioiden oppimisymp\u00e4rist\u00f6jen kehitt\u00e4miseen. Hankkeessa kehitet\u00e4\u00e4n ja toteutetaan tulevaisuuden ty\u00f6el\u00e4m\u00e4taitoja vahvistavia oppimisymp\u00e4rist\u00f6j\u00e4 painottaen erityisesti tieto-ja viestint\u00e4teknologia (TVT) tuettua opetusta. Maakunnan koulutusorganisaatioiden ja yritysten yhteisty\u00f6t\u00e4 kehitet\u00e4\u00e4n vahvistamalla It\u00e4-Suomen yliopiston opettajankoulutuksessa hankitun oppimisymp\u00e4rist\u00f6osaamisen ja alueen pienyritysten kumppanuuksilla: Hankkeessa tehd\u00e4\u00e4n aktiivisesti [&hellip;]","og_url":"https:\/\/sites.uef.fi\/yritystaoppimisymparistoihin\/hankkeen-tiedot\/","og_site_name":"Yrityst\u00e4 oppimisymp\u00e4rist\u00f6ihin","article_modified_time":"2024-01-29T11:35:00+00:00","og_image":[{"url":"https:\/\/sites.uef.fi\/yritystaoppimisymparistoihin\/wp-content\/uploads\/sites\/50\/2020\/09\/tekijat-809x1024.jpg","type":"","width":"","height":""}],"twitter_card":"summary_large_image","twitter_misc":{"Est. reading time":"2 minutes"},"schema":{"@context":"https:\/\/schema.org","@graph":[{"@type":"WebPage","@id":"https:\/\/sites.uef.fi\/yritystaoppimisymparistoihin\/hankkeen-tiedot\/","url":"https:\/\/sites.uef.fi\/yritystaoppimisymparistoihin\/hankkeen-tiedot\/","name":"Hankkeen tiedot - Yrityst\u00e4 oppimisymp\u00e4rist\u00f6ihin","isPartOf":{"@id":"https:\/\/sites.uef.fi\/yritystaoppimisymparistoihin\/#website"},"primaryImageOfPage":{"@id":"https:\/\/sites.uef.fi\/yritystaoppimisymparistoihin\/hankkeen-tiedot\/#primaryimage"},"image":{"@id":"https:\/\/sites.uef.fi\/yritystaoppimisymparistoihin\/hankkeen-tiedot\/#primaryimage"},"thumbnailUrl":"https:\/\/sites.uef.fi\/yritystaoppimisymparistoihin\/wp-content\/uploads\/sites\/50\/2020\/09\/tekijat-809x1024.jpg","datePublished":"2020-04-15T09:13:28+00:00","dateModified":"2024-01-29T11:35:00+00:00","breadcrumb":{"@id":"https:\/\/sites.uef.fi\/yritystaoppimisymparistoihin\/hankkeen-tiedot\/#breadcrumb"},"inLanguage":"en-US","potentialAction":[{"@type":"ReadAction","target":["https:\/\/sites.uef.fi\/yritystaoppimisymparistoihin\/hankkeen-tiedot\/"]}]},{"@type":"ImageObject","inLanguage":"en-US","@id":"https:\/\/sites.uef.fi\/yritystaoppimisymparistoihin\/hankkeen-tiedot\/#primaryimage","url":"https:\/\/sites.uef.fi\/yritystaoppimisymparistoihin\/wp-content\/uploads\/sites\/50\/2020\/09\/tekijat-scaled.jpg","contentUrl":"https:\/\/sites.uef.fi\/yritystaoppimisymparistoihin\/wp-content\/uploads\/sites\/50\/2020\/09\/tekijat-scaled.jpg","width":2023,"height":2560,"caption":"Hankkeen henkil\u00f6st\u00f6"},{"@type":"BreadcrumbList","@id":"https:\/\/sites.uef.fi\/yritystaoppimisymparistoihin\/hankkeen-tiedot\/#breadcrumb","itemListElement":[{"@type":"ListItem","position":1,"name":"Home","item":"https:\/\/sites.uef.fi\/yritystaoppimisymparistoihin\/"},{"@type":"ListItem","position":2,"name":"Hankkeen tiedot"}]},{"@type":"WebSite","@id":"https:\/\/sites.uef.fi\/yritystaoppimisymparistoihin\/#website","url":"https:\/\/sites.uef.fi\/yritystaoppimisymparistoihin\/","name":"Yrityst\u00e4 oppimisymp\u00e4rist\u00f6ihin","description":"","potentialAction":[{"@type":"SearchAction","target":{"@type":"EntryPoint","urlTemplate":"https:\/\/sites.uef.fi\/yritystaoppimisymparistoihin\/?s={search_term_string}"},"query-input":{"@type":"PropertyValueSpecification","valueRequired":true,"valueName":"search_term_string"}}],"inLanguage":"en-US"}]}},"_links":{"self":[{"href":"https:\/\/sites.uef.fi\/yritystaoppimisymparistoihin\/wp-json\/wp\/v2\/pages\/41","targetHints":{"allow":["GET"]}}],"collection":[{"href":"https:\/\/sites.uef.fi\/yritystaoppimisymparistoihin\/wp-json\/wp\/v2\/pages"}],"about":[{"href":"https:\/\/sites.uef.fi\/yritystaoppimisymparistoihin\/wp-json\/wp\/v2\/types\/page"}],"author":[{"embeddable":true,"href":"https:\/\/sites.uef.fi\/yritystaoppimisymparistoihin\/wp-json\/wp\/v2\/users\/98"}],"replies":[{"embeddable":true,"href":"https:\/\/sites.uef.fi\/yritystaoppimisymparistoihin\/wp-json\/wp\/v2\/comments?post=41"}],"version-history":[{"count":1,"href":"https:\/\/sites.uef.fi\/yritystaoppimisymparistoihin\/wp-json\/wp\/v2\/pages\/41\/revisions"}],"predecessor-version":[{"id":1103,"href":"https:\/\/sites.uef.fi\/yritystaoppimisymparistoihin\/wp-json\/wp\/v2\/pages\/41\/revisions\/1103"}],"wp:attachment":[{"href":"https:\/\/sites.uef.fi\/yritystaoppimisymparistoihin\/wp-json\/wp\/v2\/media?parent=41"}],"curies":[{"name":"wp","href":"https:\/\/api.w.org\/{rel}","templated":true}]}}