{"id":714,"date":"2021-04-06T13:03:05","date_gmt":"2021-04-06T10:03:05","guid":{"rendered":"https:\/\/sites.uef.fi\/yritystaoppimisymparistoihin\/?page_id=714"},"modified":"2024-02-08T09:16:20","modified_gmt":"2024-02-08T07:16:20","slug":"puhas-oy","status":"publish","type":"page","link":"https:\/\/sites.uef.fi\/yritystaoppimisymparistoihin\/yhteistyossa\/yritykset\/puhas-oy\/","title":{"rendered":"Puhas Oy"},"content":{"rendered":"\n<figure class=\"wp-block-image\"><img loading=\"lazy\" decoding=\"async\" width=\"263\" height=\"131\" src=\"https:\/\/sites.uef.fi\/yritystaoppimisymparistoihin\/wp-content\/uploads\/sites\/50\/2021\/04\/Puhas.jpg\" alt=\"Puhas Oy\" class=\"wp-image-837\" \/><\/figure>\n\n\n\n<p>Puhas Oy on viiden kunnan, Joensuu, Ilomantsi, Kontiolahti, Liperi ja Polvij\u00e4rvi, omistama j\u00e4tehuoltoyhti\u00f6, jonka teht\u00e4v\u00e4 on tuottaa kunnille lakis\u00e4\u00e4teisesti kuuluvat j\u00e4tehuollon palveluteht\u00e4v\u00e4t osakaskuntiensa puolesta.<\/p>\n\n\n\n<p>Yhti\u00f6 perustettiin vuonna 1997 Joensuun Seudun J\u00e4tehuolto Oy:n nimell\u00e4.&nbsp; Yhti\u00f6 muutti nimens\u00e4 Puhas Oy:ksi 1.1.2012 alkaen.<\/p>\n\n\n\n<p>Palveluverkostoon kuuluvat keskitetysti kilpailutetut poltettavan j\u00e4tteen ja bioj\u00e4tteen kuljetuspalvelut, paikalliset j\u00e4teasemat ja Kontiosuon j\u00e4tekeskus. Verkostoa t\u00e4ydent\u00e4v\u00e4t kotitalouksien k\u00e4ytt\u00f6\u00f6n tarkoitetut ekopisteet, vaarallisten j\u00e4tteiden ja k\u00e4yt\u00f6st\u00e4 poistettujen s\u00e4hk\u00f6laitteiden vastaanottopisteet sek\u00e4 j\u00e4tehuollon palveluneuvonta. Toiminta-alueella on noin 112 000 asukasta.<\/p>\n\n\n\n<p>Yhteystiedot:<br>Puhas Oy (Toimisto)<br>Linnunlahdentie 2, Joensuu<br>rak. 4 A, 1 krs (Tiedepuisto)<br>Postiosoite:<br>PL 370, 80101 Joensuu<br><a href=\"https:\/\/www.puhas.fi\">Kotisivut<\/a><\/p>\n","protected":false},"excerpt":{"rendered":"<p>Puhas Oy on viiden kunnan, Joensuu, Ilomantsi, Kontiolahti, Liperi ja Polvij\u00e4rvi, omistama j\u00e4tehuoltoyhti\u00f6, jonka teht\u00e4v\u00e4 on tuottaa kunnille lakis\u00e4\u00e4teisesti kuuluvat j\u00e4tehuollon palveluteht\u00e4v\u00e4t osakaskuntiensa puolesta. Yhti\u00f6 perustettiin vuonna 1997 Joensuun Seudun J\u00e4tehuolto Oy:n nimell\u00e4.&nbsp; Yhti\u00f6 muutti nimens\u00e4 Puhas Oy:ksi 1.1.2012 alkaen. Palveluverkostoon kuuluvat keskitetysti kilpailutetut poltettavan j\u00e4tteen ja bioj\u00e4tteen kuljetuspalvelut, paikalliset j\u00e4teasemat ja Kontiosuon j\u00e4tekeskus. Verkostoa [&hellip;]<\/p>\n","protected":false},"author":98,"featured_media":0,"parent":250,"menu_order":0,"comment_status":"closed","ping_status":"closed","template":"","meta":{"_acf_changed":false,"_monsterinsights_skip_tracking":false,"_monsterinsights_sitenote_active":false,"_monsterinsights_sitenote_note":"","_monsterinsights_sitenote_category":0,"footnotes":""},"class_list":["post-714","page","type-page","status-publish","hentry"],"acf":[],"yoast_head":"<!-- This site is optimized with the Yoast SEO plugin v27.3 - https:\/\/yoast.com\/product\/yoast-seo-wordpress\/ -->\n<title>Puhas Oy - Yrityst\u00e4 oppimisymp\u00e4rist\u00f6ihin<\/title>\n<meta name=\"robots\" content=\"index, follow, max-snippet:-1, max-image-preview:large, max-video-preview:-1\" \/>\n<link rel=\"canonical\" href=\"https:\/\/sites.uef.fi\/yritystaoppimisymparistoihin\/yhteistyossa\/yritykset\/puhas-oy\/\" \/>\n<meta property=\"og:locale\" content=\"en_US\" \/>\n<meta property=\"og:type\" content=\"article\" \/>\n<meta property=\"og:title\" content=\"Puhas Oy - Yrityst\u00e4 oppimisymp\u00e4rist\u00f6ihin\" \/>\n<meta property=\"og:description\" content=\"Puhas Oy on viiden kunnan, Joensuu, Ilomantsi, Kontiolahti, Liperi ja Polvij\u00e4rvi, omistama j\u00e4tehuoltoyhti\u00f6, jonka teht\u00e4v\u00e4 on tuottaa kunnille lakis\u00e4\u00e4teisesti kuuluvat j\u00e4tehuollon palveluteht\u00e4v\u00e4t osakaskuntiensa puolesta. Yhti\u00f6 perustettiin vuonna 1997 Joensuun Seudun J\u00e4tehuolto Oy:n nimell\u00e4.&nbsp; Yhti\u00f6 muutti nimens\u00e4 Puhas Oy:ksi 1.1.2012 alkaen. Palveluverkostoon kuuluvat keskitetysti kilpailutetut poltettavan j\u00e4tteen ja bioj\u00e4tteen kuljetuspalvelut, paikalliset j\u00e4teasemat ja Kontiosuon j\u00e4tekeskus. Verkostoa [&hellip;]\" \/>\n<meta property=\"og:url\" content=\"https:\/\/sites.uef.fi\/yritystaoppimisymparistoihin\/yhteistyossa\/yritykset\/puhas-oy\/\" \/>\n<meta property=\"og:site_name\" content=\"Yrityst\u00e4 oppimisymp\u00e4rist\u00f6ihin\" \/>\n<meta property=\"article:modified_time\" content=\"2024-02-08T07:16:20+00:00\" \/>\n<meta property=\"og:image\" content=\"https:\/\/sites.uef.fi\/yritystaoppimisymparistoihin\/wp-content\/uploads\/sites\/50\/2021\/04\/Puhas.jpg\" \/>\n<meta name=\"twitter:card\" content=\"summary_large_image\" \/>\n<meta name=\"twitter:label1\" content=\"Est. reading time\" \/>\n\t<meta name=\"twitter:data1\" content=\"1 minute\" \/>\n<script type=\"application\/ld+json\" class=\"yoast-schema-graph\">{\"@context\":\"https:\\\/\\\/schema.org\",\"@graph\":[{\"@type\":\"WebPage\",\"@id\":\"https:\\\/\\\/sites.uef.fi\\\/yritystaoppimisymparistoihin\\\/yhteistyossa\\\/yritykset\\\/puhas-oy\\\/\",\"url\":\"https:\\\/\\\/sites.uef.fi\\\/yritystaoppimisymparistoihin\\\/yhteistyossa\\\/yritykset\\\/puhas-oy\\\/\",\"name\":\"Puhas Oy - Yrityst\u00e4 oppimisymp\u00e4rist\u00f6ihin\",\"isPartOf\":{\"@id\":\"https:\\\/\\\/sites.uef.fi\\\/yritystaoppimisymparistoihin\\\/#website\"},\"primaryImageOfPage\":{\"@id\":\"https:\\\/\\\/sites.uef.fi\\\/yritystaoppimisymparistoihin\\\/yhteistyossa\\\/yritykset\\\/puhas-oy\\\/#primaryimage\"},\"image\":{\"@id\":\"https:\\\/\\\/sites.uef.fi\\\/yritystaoppimisymparistoihin\\\/yhteistyossa\\\/yritykset\\\/puhas-oy\\\/#primaryimage\"},\"thumbnailUrl\":\"https:\\\/\\\/sites.uef.fi\\\/yritystaoppimisymparistoihin\\\/wp-content\\\/uploads\\\/sites\\\/50\\\/2021\\\/04\\\/Puhas.jpg\",\"datePublished\":\"2021-04-06T10:03:05+00:00\",\"dateModified\":\"2024-02-08T07:16:20+00:00\",\"breadcrumb\":{\"@id\":\"https:\\\/\\\/sites.uef.fi\\\/yritystaoppimisymparistoihin\\\/yhteistyossa\\\/yritykset\\\/puhas-oy\\\/#breadcrumb\"},\"inLanguage\":\"en-US\",\"potentialAction\":[{\"@type\":\"ReadAction\",\"target\":[\"https:\\\/\\\/sites.uef.fi\\\/yritystaoppimisymparistoihin\\\/yhteistyossa\\\/yritykset\\\/puhas-oy\\\/\"]}]},{\"@type\":\"ImageObject\",\"inLanguage\":\"en-US\",\"@id\":\"https:\\\/\\\/sites.uef.fi\\\/yritystaoppimisymparistoihin\\\/yhteistyossa\\\/yritykset\\\/puhas-oy\\\/#primaryimage\",\"url\":\"https:\\\/\\\/sites.uef.fi\\\/yritystaoppimisymparistoihin\\\/wp-content\\\/uploads\\\/sites\\\/50\\\/2021\\\/04\\\/Puhas.jpg\",\"contentUrl\":\"https:\\\/\\\/sites.uef.fi\\\/yritystaoppimisymparistoihin\\\/wp-content\\\/uploads\\\/sites\\\/50\\\/2021\\\/04\\\/Puhas.jpg\",\"width\":263,\"height\":131,\"caption\":\"Puhas Oy\"},{\"@type\":\"BreadcrumbList\",\"@id\":\"https:\\\/\\\/sites.uef.fi\\\/yritystaoppimisymparistoihin\\\/yhteistyossa\\\/yritykset\\\/puhas-oy\\\/#breadcrumb\",\"itemListElement\":[{\"@type\":\"ListItem\",\"position\":1,\"name\":\"Home\",\"item\":\"https:\\\/\\\/sites.uef.fi\\\/yritystaoppimisymparistoihin\\\/\"},{\"@type\":\"ListItem\",\"position\":2,\"name\":\"Yhteisty\u00f6ss\u00e4\",\"item\":\"https:\\\/\\\/sites.uef.fi\\\/yritystaoppimisymparistoihin\\\/yhteistyossa\\\/\"},{\"@type\":\"ListItem\",\"position\":3,\"name\":\"Yritykset\",\"item\":\"https:\\\/\\\/sites.uef.fi\\\/yritystaoppimisymparistoihin\\\/yhteistyossa\\\/yritykset\\\/\"},{\"@type\":\"ListItem\",\"position\":4,\"name\":\"Puhas Oy\"}]},{\"@type\":\"WebSite\",\"@id\":\"https:\\\/\\\/sites.uef.fi\\\/yritystaoppimisymparistoihin\\\/#website\",\"url\":\"https:\\\/\\\/sites.uef.fi\\\/yritystaoppimisymparistoihin\\\/\",\"name\":\"Yrityst\u00e4 oppimisymp\u00e4rist\u00f6ihin\",\"description\":\"\",\"potentialAction\":[{\"@type\":\"SearchAction\",\"target\":{\"@type\":\"EntryPoint\",\"urlTemplate\":\"https:\\\/\\\/sites.uef.fi\\\/yritystaoppimisymparistoihin\\\/?s={search_term_string}\"},\"query-input\":{\"@type\":\"PropertyValueSpecification\",\"valueRequired\":true,\"valueName\":\"search_term_string\"}}],\"inLanguage\":\"en-US\"}]}<\/script>\n<!-- \/ Yoast SEO plugin. -->","yoast_head_json":{"title":"Puhas Oy - Yrityst\u00e4 oppimisymp\u00e4rist\u00f6ihin","robots":{"index":"index","follow":"follow","max-snippet":"max-snippet:-1","max-image-preview":"max-image-preview:large","max-video-preview":"max-video-preview:-1"},"canonical":"https:\/\/sites.uef.fi\/yritystaoppimisymparistoihin\/yhteistyossa\/yritykset\/puhas-oy\/","og_locale":"en_US","og_type":"article","og_title":"Puhas Oy - Yrityst\u00e4 oppimisymp\u00e4rist\u00f6ihin","og_description":"Puhas Oy on viiden kunnan, Joensuu, Ilomantsi, Kontiolahti, Liperi ja Polvij\u00e4rvi, omistama j\u00e4tehuoltoyhti\u00f6, jonka teht\u00e4v\u00e4 on tuottaa kunnille lakis\u00e4\u00e4teisesti kuuluvat j\u00e4tehuollon palveluteht\u00e4v\u00e4t osakaskuntiensa puolesta. Yhti\u00f6 perustettiin vuonna 1997 Joensuun Seudun J\u00e4tehuolto Oy:n nimell\u00e4.&nbsp; Yhti\u00f6 muutti nimens\u00e4 Puhas Oy:ksi 1.1.2012 alkaen. Palveluverkostoon kuuluvat keskitetysti kilpailutetut poltettavan j\u00e4tteen ja bioj\u00e4tteen kuljetuspalvelut, paikalliset j\u00e4teasemat ja Kontiosuon j\u00e4tekeskus. Verkostoa [&hellip;]","og_url":"https:\/\/sites.uef.fi\/yritystaoppimisymparistoihin\/yhteistyossa\/yritykset\/puhas-oy\/","og_site_name":"Yrityst\u00e4 oppimisymp\u00e4rist\u00f6ihin","article_modified_time":"2024-02-08T07:16:20+00:00","og_image":[{"url":"https:\/\/sites.uef.fi\/yritystaoppimisymparistoihin\/wp-content\/uploads\/sites\/50\/2021\/04\/Puhas.jpg","type":"","width":"","height":""}],"twitter_card":"summary_large_image","twitter_misc":{"Est. reading time":"1 minute"},"schema":{"@context":"https:\/\/schema.org","@graph":[{"@type":"WebPage","@id":"https:\/\/sites.uef.fi\/yritystaoppimisymparistoihin\/yhteistyossa\/yritykset\/puhas-oy\/","url":"https:\/\/sites.uef.fi\/yritystaoppimisymparistoihin\/yhteistyossa\/yritykset\/puhas-oy\/","name":"Puhas Oy - Yrityst\u00e4 oppimisymp\u00e4rist\u00f6ihin","isPartOf":{"@id":"https:\/\/sites.uef.fi\/yritystaoppimisymparistoihin\/#website"},"primaryImageOfPage":{"@id":"https:\/\/sites.uef.fi\/yritystaoppimisymparistoihin\/yhteistyossa\/yritykset\/puhas-oy\/#primaryimage"},"image":{"@id":"https:\/\/sites.uef.fi\/yritystaoppimisymparistoihin\/yhteistyossa\/yritykset\/puhas-oy\/#primaryimage"},"thumbnailUrl":"https:\/\/sites.uef.fi\/yritystaoppimisymparistoihin\/wp-content\/uploads\/sites\/50\/2021\/04\/Puhas.jpg","datePublished":"2021-04-06T10:03:05+00:00","dateModified":"2024-02-08T07:16:20+00:00","breadcrumb":{"@id":"https:\/\/sites.uef.fi\/yritystaoppimisymparistoihin\/yhteistyossa\/yritykset\/puhas-oy\/#breadcrumb"},"inLanguage":"en-US","potentialAction":[{"@type":"ReadAction","target":["https:\/\/sites.uef.fi\/yritystaoppimisymparistoihin\/yhteistyossa\/yritykset\/puhas-oy\/"]}]},{"@type":"ImageObject","inLanguage":"en-US","@id":"https:\/\/sites.uef.fi\/yritystaoppimisymparistoihin\/yhteistyossa\/yritykset\/puhas-oy\/#primaryimage","url":"https:\/\/sites.uef.fi\/yritystaoppimisymparistoihin\/wp-content\/uploads\/sites\/50\/2021\/04\/Puhas.jpg","contentUrl":"https:\/\/sites.uef.fi\/yritystaoppimisymparistoihin\/wp-content\/uploads\/sites\/50\/2021\/04\/Puhas.jpg","width":263,"height":131,"caption":"Puhas Oy"},{"@type":"BreadcrumbList","@id":"https:\/\/sites.uef.fi\/yritystaoppimisymparistoihin\/yhteistyossa\/yritykset\/puhas-oy\/#breadcrumb","itemListElement":[{"@type":"ListItem","position":1,"name":"Home","item":"https:\/\/sites.uef.fi\/yritystaoppimisymparistoihin\/"},{"@type":"ListItem","position":2,"name":"Yhteisty\u00f6ss\u00e4","item":"https:\/\/sites.uef.fi\/yritystaoppimisymparistoihin\/yhteistyossa\/"},{"@type":"ListItem","position":3,"name":"Yritykset","item":"https:\/\/sites.uef.fi\/yritystaoppimisymparistoihin\/yhteistyossa\/yritykset\/"},{"@type":"ListItem","position":4,"name":"Puhas Oy"}]},{"@type":"WebSite","@id":"https:\/\/sites.uef.fi\/yritystaoppimisymparistoihin\/#website","url":"https:\/\/sites.uef.fi\/yritystaoppimisymparistoihin\/","name":"Yrityst\u00e4 oppimisymp\u00e4rist\u00f6ihin","description":"","potentialAction":[{"@type":"SearchAction","target":{"@type":"EntryPoint","urlTemplate":"https:\/\/sites.uef.fi\/yritystaoppimisymparistoihin\/?s={search_term_string}"},"query-input":{"@type":"PropertyValueSpecification","valueRequired":true,"valueName":"search_term_string"}}],"inLanguage":"en-US"}]}},"_links":{"self":[{"href":"https:\/\/sites.uef.fi\/yritystaoppimisymparistoihin\/wp-json\/wp\/v2\/pages\/714","targetHints":{"allow":["GET"]}}],"collection":[{"href":"https:\/\/sites.uef.fi\/yritystaoppimisymparistoihin\/wp-json\/wp\/v2\/pages"}],"about":[{"href":"https:\/\/sites.uef.fi\/yritystaoppimisymparistoihin\/wp-json\/wp\/v2\/types\/page"}],"author":[{"embeddable":true,"href":"https:\/\/sites.uef.fi\/yritystaoppimisymparistoihin\/wp-json\/wp\/v2\/users\/98"}],"replies":[{"embeddable":true,"href":"https:\/\/sites.uef.fi\/yritystaoppimisymparistoihin\/wp-json\/wp\/v2\/comments?post=714"}],"version-history":[{"count":2,"href":"https:\/\/sites.uef.fi\/yritystaoppimisymparistoihin\/wp-json\/wp\/v2\/pages\/714\/revisions"}],"predecessor-version":[{"id":1204,"href":"https:\/\/sites.uef.fi\/yritystaoppimisymparistoihin\/wp-json\/wp\/v2\/pages\/714\/revisions\/1204"}],"up":[{"embeddable":true,"href":"https:\/\/sites.uef.fi\/yritystaoppimisymparistoihin\/wp-json\/wp\/v2\/pages\/250"}],"wp:attachment":[{"href":"https:\/\/sites.uef.fi\/yritystaoppimisymparistoihin\/wp-json\/wp\/v2\/media?parent=714"}],"curies":[{"name":"wp","href":"https:\/\/api.w.org\/{rel}","templated":true}]}}