{"id":84,"date":"2020-06-26T14:06:04","date_gmt":"2020-06-26T11:06:04","guid":{"rendered":"https:\/\/sites.uef.fi\/yritystaoppimisymparistoihin\/?page_id=84"},"modified":"2024-02-08T09:01:02","modified_gmt":"2024-02-08T07:01:02","slug":"yhteistyossa","status":"publish","type":"page","link":"https:\/\/sites.uef.fi\/yritystaoppimisymparistoihin\/yhteistyossa\/","title":{"rendered":"Yhteisty\u00f6ss\u00e4"},"content":{"rendered":"\n<h2 class=\"wp-block-heading\">Yhteisty\u00f6 hankkeen kanssa<\/h2>\n\n\n\n<p>Hankeessa tehd\u00e4\u00e4n aktiivisesti yhteisty\u00f6t\u00e4 sek\u00e4 yritysten, ett\u00e4 koulutusorganisaatioiden kanssa. T\u00e4st\u00e4 valikosta ja alavalikoista l\u00f6yd\u00e4t hankkeemme kanssa yhteisty\u00f6t\u00e4 tehneet hankkeet, yritykset sek\u00e4 koulutusorganisaatiot aakkosj\u00e4rjestyksess\u00e4. Sivun alalaidasta l\u00f6yd\u00e4t linkit hankkeiden, yritysten sek\u00e4 koulutusorganisaatioiden valikoihin.<\/p>\n\n\n\n<p>Mik\u00e4li koulutusorganisaationne on kiinnostunut yhteistyst\u00e4 yritysten kanssa, voitte l\u00f6yt\u00e4\u00e4 itsellenne yhteisty\u00f6yrityksen t\u00e4t\u00e4 kautta. Samoin voitte olla koulutusorganisaatioihin yhteydess\u00e4 halutessanne tiet\u00e4\u00e4 kokemuksista tai muusta yritysyhteisty\u00f6h\u00f6n liittyv\u00e4st\u00e4.<\/p>\n\n\n\n<p>Mik\u00e4li yrityksenne on kiinnostunut yhteisty\u00f6st\u00e4 muiden yritt\u00e4jien kanssa, voitte l\u00f6yt\u00e4\u00e4 itsellenne yhteisty\u00f6yrityksi\u00e4 t\u00e4t\u00e4 kautta. Jos teit\u00e4 kiinnostaa yhteisty\u00f6 koulutusorganisaatioiden kanssa, voitte kysell\u00e4 kokemuksia koulutusorganisaatioiden kanssa toimimisesta. Varsinkin jos olet yritt\u00e4j\u00e4 sellaisella alalla, jolla olisi tarjottavaa koultuusorganisaatioille, mutta mietit miten kannattaa edet\u00e4 tai jos haluat tehd\u00e4 toisen yrityksen kanssa yhteisty\u00f6t\u00e4 t\u00e4st\u00e4 on hyv\u00e4 l\u00e4hte\u00e4.<\/p>\n\n\n\n<p>Ottakaa rohkeasti yhteytt\u00e4 s\u00e4hk\u00f6postilla yritystaoppimisymparistoihin (\u00e4t) uef.fi niin keskustellaan ja suunnitellaan lis\u00e4\u00e4!<\/p>\n\n\n\n<h3 class=\"wp-block-heading\">Alla olevista linkeist\u00e4 p\u00e4\u00e4set yhteisty\u00f6kumppaniemme valikoihin:<\/h3>\n\n\n\n<ul class=\"wp-block-list\">\n<li><a href=\"https:\/\/sites.uef.fi\/yritystaoppimisymparistoihin\/yhteistyossa\/hankkeet\/\">Hankkeet<\/a><\/li>\n\n\n\n<li><a href=\"https:\/\/sites.uef.fi\/yritystaoppimisymparistoihin\/yhteistyossa\/koulutusorganisaatiot\/\">Koulutusorganisaatiot<\/a><\/li>\n\n\n\n<li><a href=\"https:\/\/sites.uef.fi\/yritystaoppimisymparistoihin\/yhteistyossa\/yritykset\/\">Yritykset<\/a><\/li>\n<\/ul>\n","protected":false},"excerpt":{"rendered":"<p>Yhteisty\u00f6 hankkeen kanssa Hankeessa tehd\u00e4\u00e4n aktiivisesti yhteisty\u00f6t\u00e4 sek\u00e4 yritysten, ett\u00e4 koulutusorganisaatioiden kanssa. T\u00e4st\u00e4 valikosta ja alavalikoista l\u00f6yd\u00e4t hankkeemme kanssa yhteisty\u00f6t\u00e4 tehneet hankkeet, yritykset sek\u00e4 koulutusorganisaatiot aakkosj\u00e4rjestyksess\u00e4. Sivun alalaidasta l\u00f6yd\u00e4t linkit hankkeiden, yritysten sek\u00e4 koulutusorganisaatioiden valikoihin. Mik\u00e4li koulutusorganisaationne on kiinnostunut yhteistyst\u00e4 yritysten kanssa, voitte l\u00f6yt\u00e4\u00e4 itsellenne yhteisty\u00f6yrityksen t\u00e4t\u00e4 kautta. Samoin voitte olla koulutusorganisaatioihin yhteydess\u00e4 halutessanne tiet\u00e4\u00e4 [&hellip;]<\/p>\n","protected":false},"author":98,"featured_media":0,"parent":0,"menu_order":1,"comment_status":"closed","ping_status":"closed","template":"","meta":{"_acf_changed":false,"_monsterinsights_skip_tracking":false,"_monsterinsights_sitenote_active":false,"_monsterinsights_sitenote_note":"","_monsterinsights_sitenote_category":0,"footnotes":""},"class_list":["post-84","page","type-page","status-publish","hentry"],"acf":[],"yoast_head":"<!-- This site is optimized with the Yoast SEO plugin v27.3 - https:\/\/yoast.com\/product\/yoast-seo-wordpress\/ -->\n<title>Yhteisty\u00f6ss\u00e4 - Yrityst\u00e4 oppimisymp\u00e4rist\u00f6ihin<\/title>\n<meta name=\"robots\" content=\"index, follow, max-snippet:-1, max-image-preview:large, max-video-preview:-1\" \/>\n<link rel=\"canonical\" href=\"https:\/\/sites.uef.fi\/yritystaoppimisymparistoihin\/yhteistyossa\/\" \/>\n<meta property=\"og:locale\" content=\"en_US\" \/>\n<meta property=\"og:type\" content=\"article\" \/>\n<meta property=\"og:title\" content=\"Yhteisty\u00f6ss\u00e4 - Yrityst\u00e4 oppimisymp\u00e4rist\u00f6ihin\" \/>\n<meta property=\"og:description\" content=\"Yhteisty\u00f6 hankkeen kanssa Hankeessa tehd\u00e4\u00e4n aktiivisesti yhteisty\u00f6t\u00e4 sek\u00e4 yritysten, ett\u00e4 koulutusorganisaatioiden kanssa. T\u00e4st\u00e4 valikosta ja alavalikoista l\u00f6yd\u00e4t hankkeemme kanssa yhteisty\u00f6t\u00e4 tehneet hankkeet, yritykset sek\u00e4 koulutusorganisaatiot aakkosj\u00e4rjestyksess\u00e4. Sivun alalaidasta l\u00f6yd\u00e4t linkit hankkeiden, yritysten sek\u00e4 koulutusorganisaatioiden valikoihin. Mik\u00e4li koulutusorganisaationne on kiinnostunut yhteistyst\u00e4 yritysten kanssa, voitte l\u00f6yt\u00e4\u00e4 itsellenne yhteisty\u00f6yrityksen t\u00e4t\u00e4 kautta. Samoin voitte olla koulutusorganisaatioihin yhteydess\u00e4 halutessanne tiet\u00e4\u00e4 [&hellip;]\" \/>\n<meta property=\"og:url\" content=\"https:\/\/sites.uef.fi\/yritystaoppimisymparistoihin\/yhteistyossa\/\" \/>\n<meta property=\"og:site_name\" content=\"Yrityst\u00e4 oppimisymp\u00e4rist\u00f6ihin\" \/>\n<meta property=\"article:modified_time\" content=\"2024-02-08T07:01:02+00:00\" \/>\n<meta name=\"twitter:card\" content=\"summary_large_image\" \/>\n<meta name=\"twitter:label1\" content=\"Est. reading time\" \/>\n\t<meta name=\"twitter:data1\" content=\"1 minute\" \/>\n<script type=\"application\/ld+json\" class=\"yoast-schema-graph\">{\"@context\":\"https:\\\/\\\/schema.org\",\"@graph\":[{\"@type\":\"WebPage\",\"@id\":\"https:\\\/\\\/sites.uef.fi\\\/yritystaoppimisymparistoihin\\\/yhteistyossa\\\/\",\"url\":\"https:\\\/\\\/sites.uef.fi\\\/yritystaoppimisymparistoihin\\\/yhteistyossa\\\/\",\"name\":\"Yhteisty\u00f6ss\u00e4 - Yrityst\u00e4 oppimisymp\u00e4rist\u00f6ihin\",\"isPartOf\":{\"@id\":\"https:\\\/\\\/sites.uef.fi\\\/yritystaoppimisymparistoihin\\\/#website\"},\"datePublished\":\"2020-06-26T11:06:04+00:00\",\"dateModified\":\"2024-02-08T07:01:02+00:00\",\"breadcrumb\":{\"@id\":\"https:\\\/\\\/sites.uef.fi\\\/yritystaoppimisymparistoihin\\\/yhteistyossa\\\/#breadcrumb\"},\"inLanguage\":\"en-US\",\"potentialAction\":[{\"@type\":\"ReadAction\",\"target\":[\"https:\\\/\\\/sites.uef.fi\\\/yritystaoppimisymparistoihin\\\/yhteistyossa\\\/\"]}]},{\"@type\":\"BreadcrumbList\",\"@id\":\"https:\\\/\\\/sites.uef.fi\\\/yritystaoppimisymparistoihin\\\/yhteistyossa\\\/#breadcrumb\",\"itemListElement\":[{\"@type\":\"ListItem\",\"position\":1,\"name\":\"Home\",\"item\":\"https:\\\/\\\/sites.uef.fi\\\/yritystaoppimisymparistoihin\\\/\"},{\"@type\":\"ListItem\",\"position\":2,\"name\":\"Yhteisty\u00f6ss\u00e4\"}]},{\"@type\":\"WebSite\",\"@id\":\"https:\\\/\\\/sites.uef.fi\\\/yritystaoppimisymparistoihin\\\/#website\",\"url\":\"https:\\\/\\\/sites.uef.fi\\\/yritystaoppimisymparistoihin\\\/\",\"name\":\"Yrityst\u00e4 oppimisymp\u00e4rist\u00f6ihin\",\"description\":\"\",\"potentialAction\":[{\"@type\":\"SearchAction\",\"target\":{\"@type\":\"EntryPoint\",\"urlTemplate\":\"https:\\\/\\\/sites.uef.fi\\\/yritystaoppimisymparistoihin\\\/?s={search_term_string}\"},\"query-input\":{\"@type\":\"PropertyValueSpecification\",\"valueRequired\":true,\"valueName\":\"search_term_string\"}}],\"inLanguage\":\"en-US\"}]}<\/script>\n<!-- \/ Yoast SEO plugin. -->","yoast_head_json":{"title":"Yhteisty\u00f6ss\u00e4 - Yrityst\u00e4 oppimisymp\u00e4rist\u00f6ihin","robots":{"index":"index","follow":"follow","max-snippet":"max-snippet:-1","max-image-preview":"max-image-preview:large","max-video-preview":"max-video-preview:-1"},"canonical":"https:\/\/sites.uef.fi\/yritystaoppimisymparistoihin\/yhteistyossa\/","og_locale":"en_US","og_type":"article","og_title":"Yhteisty\u00f6ss\u00e4 - Yrityst\u00e4 oppimisymp\u00e4rist\u00f6ihin","og_description":"Yhteisty\u00f6 hankkeen kanssa Hankeessa tehd\u00e4\u00e4n aktiivisesti yhteisty\u00f6t\u00e4 sek\u00e4 yritysten, ett\u00e4 koulutusorganisaatioiden kanssa. T\u00e4st\u00e4 valikosta ja alavalikoista l\u00f6yd\u00e4t hankkeemme kanssa yhteisty\u00f6t\u00e4 tehneet hankkeet, yritykset sek\u00e4 koulutusorganisaatiot aakkosj\u00e4rjestyksess\u00e4. Sivun alalaidasta l\u00f6yd\u00e4t linkit hankkeiden, yritysten sek\u00e4 koulutusorganisaatioiden valikoihin. Mik\u00e4li koulutusorganisaationne on kiinnostunut yhteistyst\u00e4 yritysten kanssa, voitte l\u00f6yt\u00e4\u00e4 itsellenne yhteisty\u00f6yrityksen t\u00e4t\u00e4 kautta. Samoin voitte olla koulutusorganisaatioihin yhteydess\u00e4 halutessanne tiet\u00e4\u00e4 [&hellip;]","og_url":"https:\/\/sites.uef.fi\/yritystaoppimisymparistoihin\/yhteistyossa\/","og_site_name":"Yrityst\u00e4 oppimisymp\u00e4rist\u00f6ihin","article_modified_time":"2024-02-08T07:01:02+00:00","twitter_card":"summary_large_image","twitter_misc":{"Est. reading time":"1 minute"},"schema":{"@context":"https:\/\/schema.org","@graph":[{"@type":"WebPage","@id":"https:\/\/sites.uef.fi\/yritystaoppimisymparistoihin\/yhteistyossa\/","url":"https:\/\/sites.uef.fi\/yritystaoppimisymparistoihin\/yhteistyossa\/","name":"Yhteisty\u00f6ss\u00e4 - Yrityst\u00e4 oppimisymp\u00e4rist\u00f6ihin","isPartOf":{"@id":"https:\/\/sites.uef.fi\/yritystaoppimisymparistoihin\/#website"},"datePublished":"2020-06-26T11:06:04+00:00","dateModified":"2024-02-08T07:01:02+00:00","breadcrumb":{"@id":"https:\/\/sites.uef.fi\/yritystaoppimisymparistoihin\/yhteistyossa\/#breadcrumb"},"inLanguage":"en-US","potentialAction":[{"@type":"ReadAction","target":["https:\/\/sites.uef.fi\/yritystaoppimisymparistoihin\/yhteistyossa\/"]}]},{"@type":"BreadcrumbList","@id":"https:\/\/sites.uef.fi\/yritystaoppimisymparistoihin\/yhteistyossa\/#breadcrumb","itemListElement":[{"@type":"ListItem","position":1,"name":"Home","item":"https:\/\/sites.uef.fi\/yritystaoppimisymparistoihin\/"},{"@type":"ListItem","position":2,"name":"Yhteisty\u00f6ss\u00e4"}]},{"@type":"WebSite","@id":"https:\/\/sites.uef.fi\/yritystaoppimisymparistoihin\/#website","url":"https:\/\/sites.uef.fi\/yritystaoppimisymparistoihin\/","name":"Yrityst\u00e4 oppimisymp\u00e4rist\u00f6ihin","description":"","potentialAction":[{"@type":"SearchAction","target":{"@type":"EntryPoint","urlTemplate":"https:\/\/sites.uef.fi\/yritystaoppimisymparistoihin\/?s={search_term_string}"},"query-input":{"@type":"PropertyValueSpecification","valueRequired":true,"valueName":"search_term_string"}}],"inLanguage":"en-US"}]}},"_links":{"self":[{"href":"https:\/\/sites.uef.fi\/yritystaoppimisymparistoihin\/wp-json\/wp\/v2\/pages\/84","targetHints":{"allow":["GET"]}}],"collection":[{"href":"https:\/\/sites.uef.fi\/yritystaoppimisymparistoihin\/wp-json\/wp\/v2\/pages"}],"about":[{"href":"https:\/\/sites.uef.fi\/yritystaoppimisymparistoihin\/wp-json\/wp\/v2\/types\/page"}],"author":[{"embeddable":true,"href":"https:\/\/sites.uef.fi\/yritystaoppimisymparistoihin\/wp-json\/wp\/v2\/users\/98"}],"replies":[{"embeddable":true,"href":"https:\/\/sites.uef.fi\/yritystaoppimisymparistoihin\/wp-json\/wp\/v2\/comments?post=84"}],"version-history":[{"count":2,"href":"https:\/\/sites.uef.fi\/yritystaoppimisymparistoihin\/wp-json\/wp\/v2\/pages\/84\/revisions"}],"predecessor-version":[{"id":1147,"href":"https:\/\/sites.uef.fi\/yritystaoppimisymparistoihin\/wp-json\/wp\/v2\/pages\/84\/revisions\/1147"}],"wp:attachment":[{"href":"https:\/\/sites.uef.fi\/yritystaoppimisymparistoihin\/wp-json\/wp\/v2\/media?parent=84"}],"curies":[{"name":"wp","href":"https:\/\/api.w.org\/{rel}","templated":true}]}}